{"id":926,"date":"2020-03-01T17:55:08","date_gmt":"2020-03-01T16:55:08","guid":{"rendered":"http:\/\/dufeemains.be\/?page_id=926"},"modified":"2021-07-27T10:59:41","modified_gmt":"2021-07-27T08:59:41","slug":"homepage","status":"publish","type":"page","link":"https:\/\/dufeemains.be\/","title":{"rendered":"Bienvenu(e)s sur le site Du F\u00e9e mains"},"content":{"rendered":"\n<p><\/p>\n\n\n\n<p class=\"has-text-align-center\">Un jour, un ami m&#8217;a dit : &#8220;Toi, tu sais tout faire ou presque.  Tu as de l&#8217;or dans les doigts&#8221;.  De l\u00e0 est n\u00e9 mon nom de cr\u00e9ation &#8220;Du F\u00e9e mains&#8221;.<\/p>\n\n\n\n<div class=\"wp-block-image\"><figure class=\"aligncenter size-large is-resized\"><a href=\"https:\/\/www.facebook.com\/vanessabartiste\/\"><img loading=\"lazy\" src=\"http:\/\/dufeemains.be\/wp-content\/uploads\/2020\/02\/logo-fee-2.jpg\" alt=\"\" class=\"wp-image-646\" width=\"391\" height=\"320\" srcset=\"https:\/\/dufeemains.be\/wp-content\/uploads\/2020\/02\/logo-fee-2.jpg 941w, https:\/\/dufeemains.be\/wp-content\/uploads\/2020\/02\/logo-fee-2-350x287.jpg 350w, https:\/\/dufeemains.be\/wp-content\/uploads\/2020\/02\/logo-fee-2-300x246.jpg 300w, https:\/\/dufeemains.be\/wp-content\/uploads\/2020\/02\/logo-fee-2-768x629.jpg 768w\" sizes=\"(max-width: 391px) 100vw, 391px\" \/><\/a><figcaption>        F\u00e9e dessin\u00e9e par <a href=\"https:\/\/www.facebook.com\/vanessabartiste\/\">Vanessa B<\/a>., artiste et graphiste.<br>  Logo Du F\u00e9e mains cr\u00e9\u00e9 par Geoffrey Straet, <a href=\"http:\/\/www.gs-graphics.be\/\">gs-graphics<\/a><\/figcaption><\/figure><\/div>\n\n\n\n<p> Du F\u00e9e mains&#8230;  une aventure de d\u00e9j\u00e0 bient\u00f4t 8 ans qui m&#8217;est pr\u00e9cieuse.    Elle m&#8217;a permis d&#8217;explorer diff\u00e9rents talents , de me connecter \u00e0 la cr\u00e9ation sous toutes ses formes.  Cette aventure m&#8217;a surtout permis de conjuguer les  3 &#8220;B&#8221;-attitudes : le bon, le bien et le beau&#8230;  Bon par le  go\u00fbt, bien dans son corps et beau par la cr\u00e9ation.   <\/p>\n\n\n\n<p>Ouvrez les yeux et soyez pr\u00eats pour le voyage&#8230;  Vous y retrouverez les trois piliers de Du F\u00e9e mains : <\/p>\n\n\n\n<div class=\"wp-block-media-text alignwide\"><figure class=\"wp-block-media-text__media\"><img loading=\"lazy\" width=\"960\" height=\"720\" src=\"http:\/\/dufeemains.be\/wp-content\/uploads\/2020\/03\/march\u00e9-noel-gd-rechain-2019.jpg\" alt=\"\" class=\"wp-image-994\" srcset=\"https:\/\/dufeemains.be\/wp-content\/uploads\/2020\/03\/march\u00e9-noel-gd-rechain-2019.jpg 960w, https:\/\/dufeemains.be\/wp-content\/uploads\/2020\/03\/march\u00e9-noel-gd-rechain-2019-300x225.jpg 300w, https:\/\/dufeemains.be\/wp-content\/uploads\/2020\/03\/march\u00e9-noel-gd-rechain-2019-768x576.jpg 768w, https:\/\/dufeemains.be\/wp-content\/uploads\/2020\/03\/march\u00e9-noel-gd-rechain-2019-350x263.jpg 350w\" sizes=\"(max-width: 767px) 89vw, (max-width: 1000px) 54vw, (max-width: 1071px) 543px, 580px\" \/><\/figure><div class=\"wp-block-media-text__content\">\n<p class=\"has-text-color\" style=\"font-size:14px;color:#e42c3c\"><strong><a href=\"http:\/\/dufeemains.be\/?page_id=2\">Le bon par le go\u00fbt et les saveurs<\/a><\/strong><\/p>\n\n\n\n<p class=\"has-text-color\" style=\"font-size:14px;color:#10420f\"><strong><a href=\"http:\/\/dufeemains.be\/?page_id=151\">Le bien dans son corps<\/a><\/strong><\/p>\n\n\n\n<p class=\"has-text-color\" style=\"font-size:14px;color:#d4a011\"><strong><a href=\"http:\/\/dufeemains.be\/?page_id=153\">Le beau par la cr\u00e9ation<\/a><\/strong><\/p>\n<\/div><\/div>\n\n\n\n<p><\/p>\n\n\n\n<p><\/p>\n\n\n\n<div class=\"wp-block-image\"><figure class=\"aligncenter size-large\"><img loading=\"lazy\" width=\"1024\" height=\"301\" src=\"http:\/\/dufeemains.be\/wp-content\/uploads\/2020\/03\/citation-accueil-ok-1024x301.jpg\" alt=\"\" class=\"wp-image-997\" srcset=\"https:\/\/dufeemains.be\/wp-content\/uploads\/2020\/03\/citation-accueil-ok-1024x301.jpg 1024w, https:\/\/dufeemains.be\/wp-content\/uploads\/2020\/03\/citation-accueil-ok-300x88.jpg 300w, https:\/\/dufeemains.be\/wp-content\/uploads\/2020\/03\/citation-accueil-ok-768x226.jpg 768w, https:\/\/dufeemains.be\/wp-content\/uploads\/2020\/03\/citation-accueil-ok-350x103.jpg 350w, https:\/\/dufeemains.be\/wp-content\/uploads\/2020\/03\/citation-accueil-ok.jpg 1171w\" sizes=\"(max-width: 767px) 89vw, (max-width: 1000px) 54vw, (max-width: 1071px) 543px, 580px\" \/><\/figure><\/div>\n\n\n\n<p><\/p>\n","protected":false},"excerpt":{"rendered":"<p>Un jour, un ami m&#8217;a dit : &#8220;Toi, tu sais tout faire ou presque. Tu as de l&#8217;or dans les doigts&#8221;. De l\u00e0 est n\u00e9 mon nom de cr\u00e9ation &#8220;Du &hellip; <\/p>\n<p class=\"link-more\"><a href=\"https:\/\/dufeemains.be\/\" class=\"more-link\">Continue reading<span class=\"screen-reader-text\"> &#8220;Bienvenu(e)s sur le site Du F\u00e9e mains&#8221;<\/span><\/a><\/p>\n","protected":false},"author":1,"featured_media":0,"parent":0,"menu_order":0,"comment_status":"closed","ping_status":"closed","template":"","meta":[],"_links":{"self":[{"href":"https:\/\/dufeemains.be\/index.php?rest_route=\/wp\/v2\/pages\/926"}],"collection":[{"href":"https:\/\/dufeemains.be\/index.php?rest_route=\/wp\/v2\/pages"}],"about":[{"href":"https:\/\/dufeemains.be\/index.php?rest_route=\/wp\/v2\/types\/page"}],"author":[{"embeddable":true,"href":"https:\/\/dufeemains.be\/index.php?rest_route=\/wp\/v2\/users\/1"}],"replies":[{"embeddable":true,"href":"https:\/\/dufeemains.be\/index.php?rest_route=%2Fwp%2Fv2%2Fcomments&post=926"}],"version-history":[{"count":12,"href":"https:\/\/dufeemains.be\/index.php?rest_route=\/wp\/v2\/pages\/926\/revisions"}],"predecessor-version":[{"id":1180,"href":"https:\/\/dufeemains.be\/index.php?rest_route=\/wp\/v2\/pages\/926\/revisions\/1180"}],"wp:attachment":[{"href":"https:\/\/dufeemains.be\/index.php?rest_route=%2Fwp%2Fv2%2Fmedia&parent=926"}],"curies":[{"name":"wp","href":"https:\/\/api.w.org\/{rel}","templated":true}]}}