{"id":692,"date":"2020-02-26T16:26:53","date_gmt":"2020-02-26T15:26:53","guid":{"rendered":"http:\/\/dufeemains.be\/?page_id=692"},"modified":"2020-03-02T00:31:41","modified_gmt":"2020-03-01T23:31:41","slug":"soin-de-base","status":"publish","type":"page","link":"https:\/\/dufeemains.be\/?page_id=692","title":{"rendered":"Le Soin de base"},"content":{"rendered":"\n<p>Le soin de base selon la m\u00e9thode Enelph consiste en un massage doux \u00e0 l&#8217;huile ti\u00e8de.  Il dure de 45 minutes \u00e0 une heure.  Le soin se prodigue sur la personne d\u00e9shabill\u00e9e (la personne garde son slip) sur toute la colonne vert\u00e9brale du coccyx jusqu&#8217;au sommet de la t\u00eate, avec un drainage des bras et des jambes.  <\/p>\n\n\n\n<div class=\"wp-block-image\"><figure class=\"aligncenter size-large is-resized\"><img loading=\"lazy\" src=\"http:\/\/dufeemains.be\/wp-content\/uploads\/2020\/02\/soin-enelph-val2-1-1024x683.jpg\" alt=\"\" class=\"wp-image-800\" width=\"447\" height=\"298\" srcset=\"https:\/\/dufeemains.be\/wp-content\/uploads\/2020\/02\/soin-enelph-val2-1-1024x683.jpg 1024w, https:\/\/dufeemains.be\/wp-content\/uploads\/2020\/02\/soin-enelph-val2-1-350x233.jpg 350w, https:\/\/dufeemains.be\/wp-content\/uploads\/2020\/02\/soin-enelph-val2-1-300x200.jpg 300w, https:\/\/dufeemains.be\/wp-content\/uploads\/2020\/02\/soin-enelph-val2-1-768x512.jpg 768w, https:\/\/dufeemains.be\/wp-content\/uploads\/2020\/02\/soin-enelph-val2-1.jpg 1200w\" sizes=\"(max-width: 447px) 100vw, 447px\" \/><\/figure><\/div>\n\n\n\n<p> Le long de la colonne vert\u00e9brale, nous avons une s\u00e9rie de petits coussinets d\u2019\u00e9nergie o\u00f9 vont se loger&nbsp; les \u00ab&nbsp;informations&nbsp;\u00bb et les m\u00e9moires accumul\u00e9es , les fameux traumatismes dont on parlait dans<strong> <a href=\"http:\/\/dufeemains.be\/?page_id=187\">la m<\/a><\/strong><a href=\"http:\/\/dufeemains.be\/?page_id=187\"><strong>\u00e9thode Enelph<\/strong><\/a>. Quand ils sont satur\u00e9s, l\u2019\u00e9nergie ne peut plus&nbsp;circuler et  des sympt\u00f4mes peuvent d\u00e8s lors &nbsp;appara\u00eetre  : l\u2019inconfort, le mal-\u00eatre, la maladie, ou simplement&nbsp; la fatigue.&nbsp;&nbsp;<\/p>\n\n\n\n<p>Le soin&nbsp;Enelph va nettoyer ces m\u00e9moires&nbsp; en profondeur, &nbsp;pour permettre \u00e0 l\u2019\u00e9nergie de la personne de recirculer de mani\u00e8re fluide et harmonieuse dans son corps (et son mental) .&nbsp; Celle-ci retrouve alors tout son potentiel d&#8217;auto- gu\u00e9rison.   <strong><a href=\"http:\/\/dufeemains.be\/?page_id=693\">Des soins sp\u00e9cifiques<\/a><\/strong> permettent une action plus pr\u00e9cise.<\/p>\n\n\n\n<p>Le soin est prodigu\u00e9 dans un local chauff\u00e9 et avec une musique douce.   Un temps d&#8217;\u00e9change verbal est propos\u00e9 en d\u00e9but et fin de s\u00e9ance.<\/p>\n\n\n\n<div class=\"wp-block-media-text alignwide\" style=\"grid-template-columns:44% auto\"><figure class=\"wp-block-media-text__media\"><img loading=\"lazy\" width=\"1024\" height=\"768\" src=\"http:\/\/dufeemains.be\/wp-content\/uploads\/2020\/02\/P1090926-1-1024x768.jpg\" alt=\"\" class=\"wp-image-797\" srcset=\"https:\/\/dufeemains.be\/wp-content\/uploads\/2020\/02\/P1090926-1-1024x768.jpg 1024w, https:\/\/dufeemains.be\/wp-content\/uploads\/2020\/02\/P1090926-1-scaled-350x263.jpg 350w, https:\/\/dufeemains.be\/wp-content\/uploads\/2020\/02\/P1090926-1-300x225.jpg 300w, https:\/\/dufeemains.be\/wp-content\/uploads\/2020\/02\/P1090926-1-768x576.jpg 768w, https:\/\/dufeemains.be\/wp-content\/uploads\/2020\/02\/P1090926-1-1536x1152.jpg 1536w, https:\/\/dufeemains.be\/wp-content\/uploads\/2020\/02\/P1090926-1-2048x1536.jpg 2048w\" sizes=\"(max-width: 767px) 89vw, (max-width: 1000px) 54vw, (max-width: 1071px) 543px, 580px\" \/><\/figure><div class=\"wp-block-media-text__content\">\n<p style=\"color:#bb5876\" class=\"has-text-color has-text-align-center has-normal-font-size\"><strong><em>&#8220;Paix, Amour, Harmonie et Gu\u00e9rison&#8221;<\/em><\/strong><\/p>\n<\/div><\/div>\n\n\n\n<p><\/p>\n\n\n\n<p style=\"background-color:#bb5876;font-size:14px\" class=\"has-text-color has-background has-very-light-gray-color\"><strong>Les soins selon la m\u00e9thode Enelph se donnent uniquement sur Rendez-vous.<\/strong>                              <strong>Le prix pour le soin de base  est de 50\u20ac. <\/strong> <\/p>\n\n\n\n<p><\/p>\n\n\n\n<p> Plus d&#8217;informations ?  Un rendez-vous ?  <strong><a href=\"http:\/\/dufeemains.be\/?page_id=846\">Contactez-moi<\/a><\/strong> <\/p>\n\n\n\n<p><\/p>\n\n\n\n<figure class=\"wp-block-gallery columns-3 is-cropped\"><ul class=\"blocks-gallery-grid\"><li class=\"blocks-gallery-item\"><figure><img loading=\"lazy\" width=\"1024\" height=\"707\" src=\"http:\/\/dufeemains.be\/wp-content\/uploads\/2020\/02\/soin-enelph-val-4-1024x707.jpg\" alt=\"\" data-id=\"799\" data-link=\"http:\/\/dufeemains.be\/?attachment_id=799\" class=\"wp-image-799\" srcset=\"https:\/\/dufeemains.be\/wp-content\/uploads\/2020\/02\/soin-enelph-val-4-1024x707.jpg 1024w, https:\/\/dufeemains.be\/wp-content\/uploads\/2020\/02\/soin-enelph-val-4-350x242.jpg 350w, https:\/\/dufeemains.be\/wp-content\/uploads\/2020\/02\/soin-enelph-val-4-300x207.jpg 300w, https:\/\/dufeemains.be\/wp-content\/uploads\/2020\/02\/soin-enelph-val-4-768x530.jpg 768w, https:\/\/dufeemains.be\/wp-content\/uploads\/2020\/02\/soin-enelph-val-4.jpg 1200w\" sizes=\"(max-width: 767px) 89vw, (max-width: 1000px) 54vw, (max-width: 1071px) 543px, 580px\" \/><\/figure><\/li><li class=\"blocks-gallery-item\"><figure><img loading=\"lazy\" width=\"640\" height=\"960\" src=\"http:\/\/dufeemains.be\/wp-content\/uploads\/2020\/02\/soin-enelph-val-1.jpg\" alt=\"\" data-id=\"806\" data-full-url=\"http:\/\/dufeemains.be\/wp-content\/uploads\/2020\/02\/soin-enelph-val-1.jpg\" data-link=\"http:\/\/dufeemains.be\/?attachment_id=806\" class=\"wp-image-806\" srcset=\"https:\/\/dufeemains.be\/wp-content\/uploads\/2020\/02\/soin-enelph-val-1.jpg 640w, https:\/\/dufeemains.be\/wp-content\/uploads\/2020\/02\/soin-enelph-val-1-350x525.jpg 350w, https:\/\/dufeemains.be\/wp-content\/uploads\/2020\/02\/soin-enelph-val-1-200x300.jpg 200w\" sizes=\"(max-width: 640px) 100vw, 640px\" \/><\/figure><\/li><li class=\"blocks-gallery-item\"><figure><img loading=\"lazy\" width=\"640\" height=\"960\" src=\"http:\/\/dufeemains.be\/wp-content\/uploads\/2020\/02\/soin-val-3.jpg\" alt=\"\" data-id=\"801\" data-link=\"http:\/\/dufeemains.be\/?attachment_id=801\" class=\"wp-image-801\" srcset=\"https:\/\/dufeemains.be\/wp-content\/uploads\/2020\/02\/soin-val-3.jpg 640w, https:\/\/dufeemains.be\/wp-content\/uploads\/2020\/02\/soin-val-3-350x525.jpg 350w, https:\/\/dufeemains.be\/wp-content\/uploads\/2020\/02\/soin-val-3-200x300.jpg 200w\" sizes=\"(max-width: 640px) 100vw, 640px\" \/><\/figure><\/li><li class=\"blocks-gallery-item\"><figure><img loading=\"lazy\" width=\"640\" height=\"960\" src=\"http:\/\/dufeemains.be\/wp-content\/uploads\/2020\/02\/bouddha-val.jpg\" alt=\"\" data-id=\"798\" data-link=\"http:\/\/dufeemains.be\/?attachment_id=798\" class=\"wp-image-798\" srcset=\"https:\/\/dufeemains.be\/wp-content\/uploads\/2020\/02\/bouddha-val.jpg 640w, https:\/\/dufeemains.be\/wp-content\/uploads\/2020\/02\/bouddha-val-350x525.jpg 350w, https:\/\/dufeemains.be\/wp-content\/uploads\/2020\/02\/bouddha-val-200x300.jpg 200w\" sizes=\"(max-width: 640px) 100vw, 640px\" \/><\/figure><\/li><\/ul><\/figure>\n\n\n\n<p><\/p>\n\n\n\n<p><\/p>\n\n\n\n<div class=\"wp-block-image\"><figure class=\"aligncenter size-large is-resized\"><img loading=\"lazy\" src=\"http:\/\/dufeemains.be\/wp-content\/uploads\/2020\/02\/citation-soin-de-base-1024x301.jpg\" alt=\"\" class=\"wp-image-802\" width=\"611\" height=\"179\" srcset=\"https:\/\/dufeemains.be\/wp-content\/uploads\/2020\/02\/citation-soin-de-base-1024x301.jpg 1024w, https:\/\/dufeemains.be\/wp-content\/uploads\/2020\/02\/citation-soin-de-base-350x103.jpg 350w, https:\/\/dufeemains.be\/wp-content\/uploads\/2020\/02\/citation-soin-de-base-300x88.jpg 300w, https:\/\/dufeemains.be\/wp-content\/uploads\/2020\/02\/citation-soin-de-base-768x226.jpg 768w, https:\/\/dufeemains.be\/wp-content\/uploads\/2020\/02\/citation-soin-de-base.jpg 1171w\" sizes=\"(max-width: 611px) 100vw, 611px\" \/><\/figure><\/div>\n","protected":false},"excerpt":{"rendered":"<p>Le soin de base selon la m\u00e9thode Enelph consiste en un massage doux \u00e0 l&#8217;huile ti\u00e8de. Il dure de 45 minutes \u00e0 une heure. Le soin se prodigue sur la &hellip; <\/p>\n<p class=\"link-more\"><a href=\"https:\/\/dufeemains.be\/?page_id=692\" class=\"more-link\">Continue reading<span class=\"screen-reader-text\"> &#8220;Le Soin de base&#8221;<\/span><\/a><\/p>\n","protected":false},"author":1,"featured_media":0,"parent":0,"menu_order":0,"comment_status":"closed","ping_status":"closed","template":"","meta":[],"_links":{"self":[{"href":"https:\/\/dufeemains.be\/index.php?rest_route=\/wp\/v2\/pages\/692"}],"collection":[{"href":"https:\/\/dufeemains.be\/index.php?rest_route=\/wp\/v2\/pages"}],"about":[{"href":"https:\/\/dufeemains.be\/index.php?rest_route=\/wp\/v2\/types\/page"}],"author":[{"embeddable":true,"href":"https:\/\/dufeemains.be\/index.php?rest_route=\/wp\/v2\/users\/1"}],"replies":[{"embeddable":true,"href":"https:\/\/dufeemains.be\/index.php?rest_route=%2Fwp%2Fv2%2Fcomments&post=692"}],"version-history":[{"count":15,"href":"https:\/\/dufeemains.be\/index.php?rest_route=\/wp\/v2\/pages\/692\/revisions"}],"predecessor-version":[{"id":1006,"href":"https:\/\/dufeemains.be\/index.php?rest_route=\/wp\/v2\/pages\/692\/revisions\/1006"}],"wp:attachment":[{"href":"https:\/\/dufeemains.be\/index.php?rest_route=%2Fwp%2Fv2%2Fmedia&parent=692"}],"curies":[{"name":"wp","href":"https:\/\/api.w.org\/{rel}","templated":true}]}}