{"id":691,"date":"2020-02-26T16:26:53","date_gmt":"2020-02-26T15:26:53","guid":{"rendered":"http:\/\/dufeemains.be\/?page_id=691"},"modified":"2020-03-02T01:13:08","modified_gmt":"2020-03-02T00:13:08","slug":"but-et-fonctionnement","status":"publish","type":"page","link":"https:\/\/dufeemains.be\/?page_id=691","title":{"rendered":"But et fonctionnement"},"content":{"rendered":"\n<div class=\"wp-block-image\"><figure class=\"aligncenter size-large is-resized\"><img loading=\"lazy\" src=\"http:\/\/dufeemains.be\/wp-content\/uploads\/2020\/02\/mains.jpg\" alt=\"\" class=\"wp-image-786\" width=\"432\" height=\"324\" srcset=\"https:\/\/dufeemains.be\/wp-content\/uploads\/2020\/02\/mains.jpg 600w, https:\/\/dufeemains.be\/wp-content\/uploads\/2020\/02\/mains-350x263.jpg 350w, https:\/\/dufeemains.be\/wp-content\/uploads\/2020\/02\/mains-300x225.jpg 300w\" sizes=\"(max-width: 432px) 100vw, 432px\" \/><figcaption>           Un des moments de pause lors du passage de l&#8217;\u00e9nergie Enelph<\/figcaption><\/figure><\/div>\n\n\n\n<p style=\"color:#b4123b\" class=\"has-text-color has-text-align-center\"><strong> Le but de la m\u00e9thode Enelph est de permettre au corps de remettre en action son potentiel d\u2019auto-gu\u00e9rison. <\/strong><\/p>\n\n\n\n<p>Un peu comme les nervures d&#8217;une feuille d&#8217;arbre, la m\u00e9thode Enelph ouvre des canaux de propagation d&#8217;\u00e9nergie \u00e0 partir de la colonne vert\u00e9brale.  Le soin est tr\u00e8s doux et se veut bienveillant.  Il s&#8217;agit d&#8217;un effleurement de la peau au niveau du dos, de la t\u00eate, des bras et des jambes.<\/p>\n\n\n\n<p>Durant le soin, <strong><a href=\"http:\/\/dufeemains.be\/?page_id=187\">l&#8217;Energie Enelph<\/a><\/strong>, <strong>\u00e9nergie de paix, d&#8217;amour, d&#8217;harmonie et de gu\u00e9rison<\/strong>, lib\u00e8re les pourtours de la colonne vert\u00e9brale o\u00f9 se sont log\u00e9s les traumatismes et permet la circulation de l&#8217;\u00e9nergie d&#8217;auto-gu\u00e9rison de la personne.<\/p>\n\n\n\n<p>A la fin du soin, la personne est dans un bien-\u00eatre global.  Elle se sent en paix , d\u00e9tendue.  Les effets du soin sont souvent rapides et surprenants.<\/p>\n\n\n\n<p> Le soin agissant en profondeur, les effets perdurent dans le temps :<\/p>\n\n\n\n<ul><li>Bien-\u00eatre g\u00e9n\u00e9ral et r\u00e9duction du stress<\/li><li>Am\u00e9lioration de divers sympt\u00f4mes (dos, angoisses,peurs&#8230;) et de la sant\u00e9<\/li><li>Harmonie dans les relations<\/li><li>L\u00e2cher prise au quotidien et prise de recul sur les situations<\/li><li>Confiance et s\u00e9r\u00e9nit\u00e9<\/li><li>Affinement de l&#8217;intuition<\/li><\/ul>\n\n\n\n<p><\/p>\n\n\n\n<figure class=\"wp-block-gallery columns-2 is-cropped\"><ul class=\"blocks-gallery-grid\"><li class=\"blocks-gallery-item\"><figure><img loading=\"lazy\" width=\"600\" height=\"450\" src=\"http:\/\/dufeemains.be\/wp-content\/uploads\/2020\/02\/soin-enelph.jpg\" alt=\"\" data-id=\"789\" data-full-url=\"http:\/\/dufeemains.be\/wp-content\/uploads\/2020\/02\/soin-enelph.jpg\" data-link=\"http:\/\/dufeemains.be\/?attachment_id=789\" class=\"wp-image-789\" srcset=\"https:\/\/dufeemains.be\/wp-content\/uploads\/2020\/02\/soin-enelph.jpg 600w, https:\/\/dufeemains.be\/wp-content\/uploads\/2020\/02\/soin-enelph-350x263.jpg 350w, https:\/\/dufeemains.be\/wp-content\/uploads\/2020\/02\/soin-enelph-300x225.jpg 300w\" sizes=\"(max-width: 600px) 100vw, 600px\" \/><\/figure><\/li><li class=\"blocks-gallery-item\"><figure><img loading=\"lazy\" width=\"600\" height=\"548\" src=\"http:\/\/dufeemains.be\/wp-content\/uploads\/2020\/02\/soin-enelph-2.jpg\" alt=\"\" data-id=\"788\" class=\"wp-image-788\" srcset=\"https:\/\/dufeemains.be\/wp-content\/uploads\/2020\/02\/soin-enelph-2.jpg 600w, https:\/\/dufeemains.be\/wp-content\/uploads\/2020\/02\/soin-enelph-2-350x320.jpg 350w, https:\/\/dufeemains.be\/wp-content\/uploads\/2020\/02\/soin-enelph-2-300x274.jpg 300w\" sizes=\"(max-width: 600px) 100vw, 600px\" \/><\/figure><\/li><\/ul><\/figure>\n\n\n\n<div class=\"wp-block-image\"><figure class=\"aligncenter size-large\"><img loading=\"lazy\" width=\"1024\" height=\"283\" src=\"http:\/\/dufeemains.be\/wp-content\/uploads\/2020\/03\/citation-but-enelph-1024x283.jpg\" alt=\"\" class=\"wp-image-1021\" srcset=\"https:\/\/dufeemains.be\/wp-content\/uploads\/2020\/03\/citation-but-enelph-1024x283.jpg 1024w, https:\/\/dufeemains.be\/wp-content\/uploads\/2020\/03\/citation-but-enelph-300x83.jpg 300w, https:\/\/dufeemains.be\/wp-content\/uploads\/2020\/03\/citation-but-enelph-768x212.jpg 768w, https:\/\/dufeemains.be\/wp-content\/uploads\/2020\/03\/citation-but-enelph-350x97.jpg 350w, https:\/\/dufeemains.be\/wp-content\/uploads\/2020\/03\/citation-but-enelph.jpg 1246w\" sizes=\"(max-width: 767px) 89vw, (max-width: 1000px) 54vw, (max-width: 1071px) 543px, 580px\" \/><\/figure><\/div>\n","protected":false},"excerpt":{"rendered":"<p>Le but de la m\u00e9thode Enelph est de permettre au corps de remettre en action son potentiel d\u2019auto-gu\u00e9rison. Un peu comme les nervures d&#8217;une feuille d&#8217;arbre, la m\u00e9thode Enelph ouvre &hellip; <\/p>\n<p class=\"link-more\"><a href=\"https:\/\/dufeemains.be\/?page_id=691\" class=\"more-link\">Continue reading<span class=\"screen-reader-text\"> &#8220;But et fonctionnement&#8221;<\/span><\/a><\/p>\n","protected":false},"author":1,"featured_media":0,"parent":0,"menu_order":0,"comment_status":"closed","ping_status":"closed","template":"","meta":[],"_links":{"self":[{"href":"https:\/\/dufeemains.be\/index.php?rest_route=\/wp\/v2\/pages\/691"}],"collection":[{"href":"https:\/\/dufeemains.be\/index.php?rest_route=\/wp\/v2\/pages"}],"about":[{"href":"https:\/\/dufeemains.be\/index.php?rest_route=\/wp\/v2\/types\/page"}],"author":[{"embeddable":true,"href":"https:\/\/dufeemains.be\/index.php?rest_route=\/wp\/v2\/users\/1"}],"replies":[{"embeddable":true,"href":"https:\/\/dufeemains.be\/index.php?rest_route=%2Fwp%2Fv2%2Fcomments&post=691"}],"version-history":[{"count":6,"href":"https:\/\/dufeemains.be\/index.php?rest_route=\/wp\/v2\/pages\/691\/revisions"}],"predecessor-version":[{"id":1022,"href":"https:\/\/dufeemains.be\/index.php?rest_route=\/wp\/v2\/pages\/691\/revisions\/1022"}],"wp:attachment":[{"href":"https:\/\/dufeemains.be\/index.php?rest_route=%2Fwp%2Fv2%2Fmedia&parent=691"}],"curies":[{"name":"wp","href":"https:\/\/api.w.org\/{rel}","templated":true}]}}