{"id":2,"date":"2020-02-09T14:53:19","date_gmt":"2020-02-09T13:53:19","guid":{"rendered":"http:\/\/dufeemains.be\/?page_id=2"},"modified":"2020-05-26T18:09:47","modified_gmt":"2020-05-26T16:09:47","slug":"page-d-exemple","status":"publish","type":"page","link":"https:\/\/dufeemains.be\/?page_id=2","title":{"rendered":"Le bon par le Go\u00fbt et les saveurs &#8211; Les confitures&#8230;"},"content":{"rendered":"\n<p><a href=\"http:\/\/dufeemains.be\/?page_id=183\"><strong>Les confitures<\/strong><\/a> sont le produit phare de Du F\u00e9e mains&#8230;  Classiques, \u00e9ph\u00e9m\u00e8res, audacieuses, \u00e9pic\u00e9es ou aux infusions v\u00e9g\u00e9tales, elles se d\u00e9clinent au fil des saisons et des envies.  Tant\u00f4t en fruit unique, en duo ou en trio de fruits, elles se colorent de saveurs  d&#8217;ici et d&#8217;ailleurs pour faire titiller les papilles des petits et des grands gourmands.<\/p>\n\n\n\n<p>Et parce que j&#8217;aime la cuisine, j&#8217;ai cr\u00e9\u00e9 des confitures aux l\u00e9gumes afin qu&#8217;elles puissent \u00eatre mises par petites touches sur un toast \u00e0 l&#8217;ap\u00e9ritif ou surprendre les convives lors de leur utilisation en cuisine. <\/p>\n\n\n\n<p>Confectionn\u00e9es avec des fruits issus de producteurs du circuit court, pour la quasi totalit\u00e9 en provenance de la r\u00e9gion du Pays de Herve, Fourons et Basse-Meuse, les confitures sont sucr\u00e9es au sucre de Canne avec 400 ou 500 grammes par kilo de fruits.<\/p>\n\n\n\n<p>Tout est fait &#8220;maison&#8221;, du choix des fruits au chapeautage des pots, avec des produits vivants, respectueux de la plan\u00e8te.  Elles sont surtout fabriqu\u00e9es avec beaucoup d&#8217;amour.<\/p>\n\n\n\n<p>Retrouvez mes confitures <strong><a href=\"http:\/\/dufeemains.be\/?page_id=180\">chez mes diff\u00e9rents partenaires<\/a><\/strong> : ferme locale, \u00e9picerie, boulangerie, boucherie,&#8230; ou lors des march\u00e9s et des petits d\u00e9jeuners.<\/p>\n\n\n\n<p style=\"color:#e42c3c\" class=\"has-text-color\">Vous souhaitez d\u00e9couvrir mon plaisir de cr\u00e9ation des produits Du F\u00e9e mains ?  <strong>Regardez la<a href=\"https:\/\/www.rtc.be\/video\/culture\/saveurs-de-chez-nous-27-05-2015_1466711_319.html\"> vid\u00e9o &#8220;Des saveurs de chez nous&#8221;<\/a> tourn\u00e9e en 2015.<\/strong><\/p>\n\n\n\n<p> Au coeur de mes cr\u00e9ations, quelques photos pour vous donner l&#8217;eau \u00e0 la bouche .<\/p>\n\n\n\n<figure class=\"wp-block-gallery aligncenter columns-3 is-cropped\"><ul class=\"blocks-gallery-grid\"><li class=\"blocks-gallery-item\"><figure><img loading=\"lazy\" width=\"480\" height=\"737\" src=\"http:\/\/dufeemains.be\/wp-content\/uploads\/2020\/02\/FB_IMG_1462731621509.jpg\" alt=\"\" data-id=\"261\" data-full-url=\"http:\/\/dufeemains.be\/wp-content\/uploads\/2020\/02\/FB_IMG_1462731621509.jpg\" data-link=\"http:\/\/dufeemains.be\/?attachment_id=261\" class=\"wp-image-261\" srcset=\"https:\/\/dufeemains.be\/wp-content\/uploads\/2020\/02\/FB_IMG_1462731621509.jpg 480w, https:\/\/dufeemains.be\/wp-content\/uploads\/2020\/02\/FB_IMG_1462731621509-350x537.jpg 350w, https:\/\/dufeemains.be\/wp-content\/uploads\/2020\/02\/FB_IMG_1462731621509-195x300.jpg 195w\" sizes=\"(max-width: 480px) 100vw, 480px\" \/><figcaption class=\"blocks-gallery-item__caption\"><br>                                                                            De profil<br><\/figcaption><\/figure><\/li><li class=\"blocks-gallery-item\"><figure><img loading=\"lazy\" width=\"450\" height=\"300\" src=\"http:\/\/dufeemains.be\/wp-content\/uploads\/2020\/02\/002.jpg\" alt=\"\" data-id=\"265\" data-full-url=\"http:\/\/dufeemains.be\/wp-content\/uploads\/2020\/02\/002.jpg\" data-link=\"http:\/\/dufeemains.be\/?attachment_id=265\" class=\"wp-image-265\" srcset=\"https:\/\/dufeemains.be\/wp-content\/uploads\/2020\/02\/002.jpg 450w, https:\/\/dufeemains.be\/wp-content\/uploads\/2020\/02\/002-350x233.jpg 350w, https:\/\/dufeemains.be\/wp-content\/uploads\/2020\/02\/002-300x200.jpg 300w\" sizes=\"(max-width: 450px) 100vw, 450px\" \/><figcaption class=\"blocks-gallery-item__caption\">Fraises<\/figcaption><\/figure><\/li><li class=\"blocks-gallery-item\"><figure><img loading=\"lazy\" width=\"424\" height=\"600\" src=\"http:\/\/dufeemains.be\/wp-content\/uploads\/2020\/02\/003.jpg\" alt=\"\" data-id=\"266\" data-full-url=\"http:\/\/dufeemains.be\/wp-content\/uploads\/2020\/02\/003.jpg\" data-link=\"http:\/\/dufeemains.be\/?attachment_id=266\" class=\"wp-image-266\" srcset=\"https:\/\/dufeemains.be\/wp-content\/uploads\/2020\/02\/003.jpg 424w, https:\/\/dufeemains.be\/wp-content\/uploads\/2020\/02\/003-350x495.jpg 350w, https:\/\/dufeemains.be\/wp-content\/uploads\/2020\/02\/003-212x300.jpg 212w\" sizes=\"(max-width: 424px) 100vw, 424px\" \/><figcaption class=\"blocks-gallery-item__caption\">Fraises-poivre<\/figcaption><\/figure><\/li><li class=\"blocks-gallery-item\"><figure><img loading=\"lazy\" width=\"395\" height=\"600\" src=\"http:\/\/dufeemains.be\/wp-content\/uploads\/2020\/02\/004.jpg\" alt=\"\" data-id=\"267\" data-full-url=\"http:\/\/dufeemains.be\/wp-content\/uploads\/2020\/02\/004.jpg\" data-link=\"http:\/\/dufeemains.be\/?attachment_id=267\" class=\"wp-image-267\" srcset=\"https:\/\/dufeemains.be\/wp-content\/uploads\/2020\/02\/004.jpg 395w, https:\/\/dufeemains.be\/wp-content\/uploads\/2020\/02\/004-350x532.jpg 350w, https:\/\/dufeemains.be\/wp-content\/uploads\/2020\/02\/004-198x300.jpg 198w\" sizes=\"(max-width: 395px) 100vw, 395px\" \/><figcaption class=\"blocks-gallery-item__caption\">Les go\u00fbts fraises<\/figcaption><\/figure><\/li><li class=\"blocks-gallery-item\"><figure><img loading=\"lazy\" width=\"450\" height=\"327\" src=\"http:\/\/dufeemains.be\/wp-content\/uploads\/2020\/02\/006.jpg\" alt=\"\" data-id=\"269\" data-full-url=\"http:\/\/dufeemains.be\/wp-content\/uploads\/2020\/02\/006.jpg\" data-link=\"http:\/\/dufeemains.be\/?attachment_id=269\" class=\"wp-image-269\" srcset=\"https:\/\/dufeemains.be\/wp-content\/uploads\/2020\/02\/006.jpg 450w, https:\/\/dufeemains.be\/wp-content\/uploads\/2020\/02\/006-350x254.jpg 350w, https:\/\/dufeemains.be\/wp-content\/uploads\/2020\/02\/006-300x218.jpg 300w\" sizes=\"(max-width: 450px) 100vw, 450px\" \/><figcaption class=\"blocks-gallery-item__caption\">Les go\u00fbts rhubarbe<\/figcaption><\/figure><\/li><li class=\"blocks-gallery-item\"><figure><img loading=\"lazy\" width=\"400\" height=\"600\" src=\"http:\/\/dufeemains.be\/wp-content\/uploads\/2020\/02\/005.jpg\" alt=\"\" data-id=\"268\" data-full-url=\"http:\/\/dufeemains.be\/wp-content\/uploads\/2020\/02\/005.jpg\" data-link=\"http:\/\/dufeemains.be\/?attachment_id=268\" class=\"wp-image-268\" srcset=\"https:\/\/dufeemains.be\/wp-content\/uploads\/2020\/02\/005.jpg 400w, https:\/\/dufeemains.be\/wp-content\/uploads\/2020\/02\/005-350x525.jpg 350w, https:\/\/dufeemains.be\/wp-content\/uploads\/2020\/02\/005-200x300.jpg 200w\" sizes=\"(max-width: 400px) 100vw, 400px\" \/><figcaption class=\"blocks-gallery-item__caption\">Rhubarbe-Abricots secs<\/figcaption><\/figure><\/li><li class=\"blocks-gallery-item\"><figure><img loading=\"lazy\" width=\"450\" height=\"294\" src=\"http:\/\/dufeemains.be\/wp-content\/uploads\/2020\/02\/007.jpg\" alt=\"\" data-id=\"270\" data-full-url=\"http:\/\/dufeemains.be\/wp-content\/uploads\/2020\/02\/007.jpg\" data-link=\"http:\/\/dufeemains.be\/?attachment_id=270\" class=\"wp-image-270\" srcset=\"https:\/\/dufeemains.be\/wp-content\/uploads\/2020\/02\/007.jpg 450w, https:\/\/dufeemains.be\/wp-content\/uploads\/2020\/02\/007-350x229.jpg 350w, https:\/\/dufeemains.be\/wp-content\/uploads\/2020\/02\/007-300x196.jpg 300w\" sizes=\"(max-width: 450px) 100vw, 450px\" \/><figcaption class=\"blocks-gallery-item__caption\">Les go\u00fbts cerises<\/figcaption><\/figure><\/li><li class=\"blocks-gallery-item\"><figure><img loading=\"lazy\" width=\"450\" height=\"300\" src=\"http:\/\/dufeemains.be\/wp-content\/uploads\/2020\/02\/010.jpg\" alt=\"\" data-id=\"273\" data-full-url=\"http:\/\/dufeemains.be\/wp-content\/uploads\/2020\/02\/010.jpg\" data-link=\"http:\/\/dufeemains.be\/?attachment_id=273\" class=\"wp-image-273\" srcset=\"https:\/\/dufeemains.be\/wp-content\/uploads\/2020\/02\/010.jpg 450w, https:\/\/dufeemains.be\/wp-content\/uploads\/2020\/02\/010-350x233.jpg 350w, https:\/\/dufeemains.be\/wp-content\/uploads\/2020\/02\/010-300x200.jpg 300w\" sizes=\"(max-width: 450px) 100vw, 450px\" \/><figcaption class=\"blocks-gallery-item__caption\">Gel\u00e9e pommes fleurs de sureau<\/figcaption><\/figure><\/li><li class=\"blocks-gallery-item\"><figure><img loading=\"lazy\" width=\"450\" height=\"298\" src=\"http:\/\/dufeemains.be\/wp-content\/uploads\/2020\/02\/011.jpg\" alt=\"\" data-id=\"274\" data-full-url=\"http:\/\/dufeemains.be\/wp-content\/uploads\/2020\/02\/011.jpg\" data-link=\"http:\/\/dufeemains.be\/?attachment_id=274\" class=\"wp-image-274\" srcset=\"https:\/\/dufeemains.be\/wp-content\/uploads\/2020\/02\/011.jpg 450w, https:\/\/dufeemains.be\/wp-content\/uploads\/2020\/02\/011-350x232.jpg 350w, https:\/\/dufeemains.be\/wp-content\/uploads\/2020\/02\/011-300x199.jpg 300w\" sizes=\"(max-width: 450px) 100vw, 450px\" \/><figcaption class=\"blocks-gallery-item__caption\">Courgettes aux \u00e9pices<\/figcaption><\/figure><\/li><li class=\"blocks-gallery-item\"><figure><img loading=\"lazy\" width=\"450\" height=\"306\" src=\"http:\/\/dufeemains.be\/wp-content\/uploads\/2020\/02\/009.jpg\" alt=\"\" data-id=\"272\" data-full-url=\"http:\/\/dufeemains.be\/wp-content\/uploads\/2020\/02\/009.jpg\" data-link=\"http:\/\/dufeemains.be\/?attachment_id=272\" class=\"wp-image-272\" srcset=\"https:\/\/dufeemains.be\/wp-content\/uploads\/2020\/02\/009.jpg 450w, https:\/\/dufeemains.be\/wp-content\/uploads\/2020\/02\/009-350x238.jpg 350w, https:\/\/dufeemains.be\/wp-content\/uploads\/2020\/02\/009-300x204.jpg 300w\" sizes=\"(max-width: 450px) 100vw, 450px\" \/><figcaption class=\"blocks-gallery-item__caption\">Les fruits jaunes<\/figcaption><\/figure><\/li><li class=\"blocks-gallery-item\"><figure><img loading=\"lazy\" width=\"400\" height=\"600\" src=\"http:\/\/dufeemains.be\/wp-content\/uploads\/2020\/02\/008.jpg\" alt=\"\" data-id=\"271\" data-full-url=\"http:\/\/dufeemains.be\/wp-content\/uploads\/2020\/02\/008.jpg\" data-link=\"http:\/\/dufeemains.be\/?attachment_id=271\" class=\"wp-image-271\" srcset=\"https:\/\/dufeemains.be\/wp-content\/uploads\/2020\/02\/008.jpg 400w, https:\/\/dufeemains.be\/wp-content\/uploads\/2020\/02\/008-350x525.jpg 350w, https:\/\/dufeemains.be\/wp-content\/uploads\/2020\/02\/008-200x300.jpg 200w\" sizes=\"(max-width: 400px) 100vw, 400px\" \/><figcaption class=\"blocks-gallery-item__caption\">Abricots-lavande<\/figcaption><\/figure><\/li><li class=\"blocks-gallery-item\"><figure><img loading=\"lazy\" width=\"450\" height=\"266\" src=\"http:\/\/dufeemains.be\/wp-content\/uploads\/2020\/02\/012.jpg\" alt=\"\" data-id=\"275\" data-full-url=\"http:\/\/dufeemains.be\/wp-content\/uploads\/2020\/02\/012.jpg\" data-link=\"http:\/\/dufeemains.be\/?attachment_id=275\" class=\"wp-image-275\" srcset=\"https:\/\/dufeemains.be\/wp-content\/uploads\/2020\/02\/012.jpg 450w, https:\/\/dufeemains.be\/wp-content\/uploads\/2020\/02\/012-350x207.jpg 350w, https:\/\/dufeemains.be\/wp-content\/uploads\/2020\/02\/012-300x177.jpg 300w\" sizes=\"(max-width: 450px) 100vw, 450px\" \/><figcaption class=\"blocks-gallery-item__caption\">P\u00eaches blanches-safran<\/figcaption><\/figure><\/li><li class=\"blocks-gallery-item\"><figure><img loading=\"lazy\" width=\"450\" height=\"283\" src=\"http:\/\/dufeemains.be\/wp-content\/uploads\/2020\/02\/013.jpg\" alt=\"\" data-id=\"276\" data-full-url=\"http:\/\/dufeemains.be\/wp-content\/uploads\/2020\/02\/013.jpg\" data-link=\"http:\/\/dufeemains.be\/?attachment_id=276\" class=\"wp-image-276\" srcset=\"https:\/\/dufeemains.be\/wp-content\/uploads\/2020\/02\/013.jpg 450w, https:\/\/dufeemains.be\/wp-content\/uploads\/2020\/02\/013-350x220.jpg 350w, https:\/\/dufeemains.be\/wp-content\/uploads\/2020\/02\/013-300x189.jpg 300w\" sizes=\"(max-width: 450px) 100vw, 450px\" \/><figcaption class=\"blocks-gallery-item__caption\">Nectarines-P\u00eaches -Menthe<\/figcaption><\/figure><\/li><li class=\"blocks-gallery-item\"><figure><img loading=\"lazy\" width=\"450\" height=\"280\" src=\"http:\/\/dufeemains.be\/wp-content\/uploads\/2020\/02\/014.jpg\" alt=\"\" data-id=\"277\" data-full-url=\"http:\/\/dufeemains.be\/wp-content\/uploads\/2020\/02\/014.jpg\" data-link=\"http:\/\/dufeemains.be\/?attachment_id=277\" class=\"wp-image-277\" srcset=\"https:\/\/dufeemains.be\/wp-content\/uploads\/2020\/02\/014.jpg 450w, https:\/\/dufeemains.be\/wp-content\/uploads\/2020\/02\/014-350x218.jpg 350w, https:\/\/dufeemains.be\/wp-content\/uploads\/2020\/02\/014-300x187.jpg 300w\" sizes=\"(max-width: 450px) 100vw, 450px\" \/><figcaption class=\"blocks-gallery-item__caption\">Nectarines-Abricots<\/figcaption><\/figure><\/li><li class=\"blocks-gallery-item\"><figure><img loading=\"lazy\" width=\"450\" height=\"245\" src=\"http:\/\/dufeemains.be\/wp-content\/uploads\/2020\/02\/015.jpg\" alt=\"\" data-id=\"263\" data-full-url=\"http:\/\/dufeemains.be\/wp-content\/uploads\/2020\/02\/015.jpg\" data-link=\"http:\/\/dufeemains.be\/?attachment_id=263\" class=\"wp-image-263\" srcset=\"https:\/\/dufeemains.be\/wp-content\/uploads\/2020\/02\/015.jpg 450w, https:\/\/dufeemains.be\/wp-content\/uploads\/2020\/02\/015-350x191.jpg 350w, https:\/\/dufeemains.be\/wp-content\/uploads\/2020\/02\/015-300x163.jpg 300w\" sizes=\"(max-width: 450px) 100vw, 450px\" \/><figcaption class=\"blocks-gallery-item__caption\">Les minis semainiers<\/figcaption><\/figure><\/li><li class=\"blocks-gallery-item\"><figure><img loading=\"lazy\" width=\"450\" height=\"303\" src=\"http:\/\/dufeemains.be\/wp-content\/uploads\/2020\/02\/016.jpg\" alt=\"\" data-id=\"278\" data-full-url=\"http:\/\/dufeemains.be\/wp-content\/uploads\/2020\/02\/016.jpg\" data-link=\"http:\/\/dufeemains.be\/?attachment_id=278\" class=\"wp-image-278\" srcset=\"https:\/\/dufeemains.be\/wp-content\/uploads\/2020\/02\/016.jpg 450w, https:\/\/dufeemains.be\/wp-content\/uploads\/2020\/02\/016-350x236.jpg 350w, https:\/\/dufeemains.be\/wp-content\/uploads\/2020\/02\/016-300x202.jpg 300w\" sizes=\"(max-width: 450px) 100vw, 450px\" \/><figcaption class=\"blocks-gallery-item__caption\">Val et les minis<\/figcaption><\/figure><\/li><\/ul><figcaption class=\"blocks-gallery-caption\">Sous le regard de Karl Terwagne, <a href=\"https:\/\/www.facebook.com\/Blue.Effect.photo\/\">Blue effect<\/a><br><br><\/figcaption><\/figure>\n\n\n\n<div class=\"wp-block-image\"><figure class=\"aligncenter size-large is-resized\"><img loading=\"lazy\" src=\"http:\/\/dufeemains.be\/wp-content\/uploads\/2020\/02\/image-citation-confitures-ok-1-1024x291.jpg\" alt=\"\" class=\"wp-image-596\" width=\"622\" height=\"176\" srcset=\"https:\/\/dufeemains.be\/wp-content\/uploads\/2020\/02\/image-citation-confitures-ok-1-1024x291.jpg 1024w, https:\/\/dufeemains.be\/wp-content\/uploads\/2020\/02\/image-citation-confitures-ok-1-350x100.jpg 350w, https:\/\/dufeemains.be\/wp-content\/uploads\/2020\/02\/image-citation-confitures-ok-1-300x85.jpg 300w, https:\/\/dufeemains.be\/wp-content\/uploads\/2020\/02\/image-citation-confitures-ok-1-768x218.jpg 768w, https:\/\/dufeemains.be\/wp-content\/uploads\/2020\/02\/image-citation-confitures-ok-1.jpg 1171w\" sizes=\"(max-width: 622px) 100vw, 622px\" \/><\/figure><\/div>\n","protected":false},"excerpt":{"rendered":"<p>Les confitures sont le produit phare de Du F\u00e9e mains&#8230; Classiques, \u00e9ph\u00e9m\u00e8res, audacieuses, \u00e9pic\u00e9es ou aux infusions v\u00e9g\u00e9tales, elles se d\u00e9clinent au fil des saisons et des envies. Tant\u00f4t en &hellip; <\/p>\n<p class=\"link-more\"><a href=\"https:\/\/dufeemains.be\/?page_id=2\" class=\"more-link\">Continue reading<span class=\"screen-reader-text\"> &#8220;Le bon par le Go\u00fbt et les saveurs &#8211; Les confitures&#8230;&#8221;<\/span><\/a><\/p>\n","protected":false},"author":1,"featured_media":0,"parent":0,"menu_order":0,"comment_status":"closed","ping_status":"open","template":"","meta":[],"_links":{"self":[{"href":"https:\/\/dufeemains.be\/index.php?rest_route=\/wp\/v2\/pages\/2"}],"collection":[{"href":"https:\/\/dufeemains.be\/index.php?rest_route=\/wp\/v2\/pages"}],"about":[{"href":"https:\/\/dufeemains.be\/index.php?rest_route=\/wp\/v2\/types\/page"}],"author":[{"embeddable":true,"href":"https:\/\/dufeemains.be\/index.php?rest_route=\/wp\/v2\/users\/1"}],"replies":[{"embeddable":true,"href":"https:\/\/dufeemains.be\/index.php?rest_route=%2Fwp%2Fv2%2Fcomments&post=2"}],"version-history":[{"count":30,"href":"https:\/\/dufeemains.be\/index.php?rest_route=\/wp\/v2\/pages\/2\/revisions"}],"predecessor-version":[{"id":1133,"href":"https:\/\/dufeemains.be\/index.php?rest_route=\/wp\/v2\/pages\/2\/revisions\/1133"}],"wp:attachment":[{"href":"https:\/\/dufeemains.be\/index.php?rest_route=%2Fwp%2Fv2%2Fmedia&parent=2"}],"curies":[{"name":"wp","href":"https:\/\/api.w.org\/{rel}","templated":true}]}}