{"id":193,"date":"2020-02-23T22:24:46","date_gmt":"2020-02-23T21:24:46","guid":{"rendered":"http:\/\/dufeemains.be\/?page_id=193"},"modified":"2020-05-26T18:26:35","modified_gmt":"2020-05-26T16:26:35","slug":"sucres-sales","status":"publish","type":"page","link":"https:\/\/dufeemains.be\/?page_id=193","title":{"rendered":"Sucr\u00e9 sal\u00e9"},"content":{"rendered":"\n<p>En plus des confitures, huiles et vinaigres, liqueurs et cr\u00e8me ap\u00e9ro, Du F\u00e9e mains vous propose quelques produits &#8220;sucr\u00e9 sal\u00e9&#8221;&#8230;<\/p>\n\n\n\n<div class=\"wp-block-media-text alignwide\" style=\"grid-template-columns:26% auto\"><figure class=\"wp-block-media-text__media\"><img loading=\"lazy\" width=\"450\" height=\"600\" src=\"http:\/\/dufeemains.be\/wp-content\/uploads\/2020\/02\/choco-1.jpg\" alt=\"\" class=\"wp-image-518\" srcset=\"https:\/\/dufeemains.be\/wp-content\/uploads\/2020\/02\/choco-1.jpg 450w, https:\/\/dufeemains.be\/wp-content\/uploads\/2020\/02\/choco-1-350x467.jpg 350w, https:\/\/dufeemains.be\/wp-content\/uploads\/2020\/02\/choco-1-225x300.jpg 225w\" sizes=\"(max-width: 450px) 100vw, 450px\" \/><\/figure><div class=\"wp-block-media-text__content\">\n<p style=\"font-size:14px\">La p\u00e2te \u00e0 tartiner maison au bon beurre de ferme et chocolat 58%. Celle aux noisettes est en phase de test.<\/p>\n<\/div><\/div>\n\n\n\n<div class=\"wp-block-media-text alignwide has-media-on-the-right\" style=\"grid-template-columns:auto 23%\"><figure class=\"wp-block-media-text__media\"><img loading=\"lazy\" width=\"500\" height=\"346\" src=\"http:\/\/dufeemains.be\/wp-content\/uploads\/2020\/02\/confits2.jpg\" alt=\"\" class=\"wp-image-624\" srcset=\"https:\/\/dufeemains.be\/wp-content\/uploads\/2020\/02\/confits2.jpg 500w, https:\/\/dufeemains.be\/wp-content\/uploads\/2020\/02\/confits2-350x242.jpg 350w, https:\/\/dufeemains.be\/wp-content\/uploads\/2020\/02\/confits2-300x208.jpg 300w\" sizes=\"(max-width: 500px) 100vw, 500px\" \/><\/figure><div class=\"wp-block-media-text__content\">\n<p style=\"font-size:14px\">Le confit d&#8217;oignons, produit exclusivement en novembre et d\u00e9cembre, s&#8217;associera aux mets de f\u00eates.  Version oignons rouges ou oignons blancs, il surprendra vos convives !<\/p>\n<\/div><\/div>\n\n\n\n<div class=\"wp-block-media-text alignwide\" style=\"grid-template-columns:21% auto\"><figure class=\"wp-block-media-text__media\"><img loading=\"lazy\" width=\"249\" height=\"476\" src=\"http:\/\/dufeemains.be\/wp-content\/uploads\/2020\/02\/ketchup-de-fruits.jpg\" alt=\"\" class=\"wp-image-536\" srcset=\"https:\/\/dufeemains.be\/wp-content\/uploads\/2020\/02\/ketchup-de-fruits.jpg 249w, https:\/\/dufeemains.be\/wp-content\/uploads\/2020\/02\/ketchup-de-fruits-157x300.jpg 157w\" sizes=\"(max-width: 249px) 100vw, 249px\" \/><\/figure><div class=\"wp-block-media-text__content\">\n<p style=\"font-size:14px\">Le ketchup de fruits est une sp\u00e9cialit\u00e9 qu\u00e9b\u00e9coise.  J&#8217;en ai re\u00e7u la recette secr\u00e8te de la grand m\u00e8re d&#8217;une amie qu\u00e9b\u00e9coise&#8230;  Surprenant par son association sucr\u00e9-sal\u00e9, il s&#8217;associera aux salades, viandes et m\u00eame avec des \u0153ufs brouill\u00e9s au lard.<\/p>\n<\/div><\/div>\n\n\n\n<div class=\"wp-block-media-text alignwide has-media-on-the-right\" style=\"grid-template-columns:auto 22%\"><figure class=\"wp-block-media-text__media\"><img loading=\"lazy\" width=\"256\" height=\"413\" src=\"http:\/\/dufeemains.be\/wp-content\/uploads\/2020\/02\/biscuits-en-pots.jpg\" alt=\"\" class=\"wp-image-539\" srcset=\"https:\/\/dufeemains.be\/wp-content\/uploads\/2020\/02\/biscuits-en-pots.jpg 256w, https:\/\/dufeemains.be\/wp-content\/uploads\/2020\/02\/biscuits-en-pots-186x300.jpg 186w\" sizes=\"(max-width: 256px) 100vw, 256px\" \/><\/figure><div class=\"wp-block-media-text__content\">\n<p style=\"font-size:14px\">Les biscuits maison, \u00e0 base de bon beurre de ferme, s&#8217;agr\u00e9mentent au fil de mes envies pour le plaisir des petits et grands.  Pour le respect de la plan\u00e8te, ils sont vendus en vrac, en bocaux en verre.<\/p>\n<\/div><\/div>\n\n\n\n<p><\/p>\n\n\n\n<figure class=\"wp-block-image size-large\"><img loading=\"lazy\" width=\"1024\" height=\"204\" src=\"http:\/\/dufeemains.be\/wp-content\/uploads\/2020\/02\/citation-sucr\u00e9-sal\u00e9-ok-1-1024x204.jpg\" alt=\"\" class=\"wp-image-840\" srcset=\"https:\/\/dufeemains.be\/wp-content\/uploads\/2020\/02\/citation-sucr\u00e9-sal\u00e9-ok-1-1024x204.jpg 1024w, https:\/\/dufeemains.be\/wp-content\/uploads\/2020\/02\/citation-sucr\u00e9-sal\u00e9-ok-1-350x70.jpg 350w, https:\/\/dufeemains.be\/wp-content\/uploads\/2020\/02\/citation-sucr\u00e9-sal\u00e9-ok-1-300x60.jpg 300w, https:\/\/dufeemains.be\/wp-content\/uploads\/2020\/02\/citation-sucr\u00e9-sal\u00e9-ok-1-768x153.jpg 768w, https:\/\/dufeemains.be\/wp-content\/uploads\/2020\/02\/citation-sucr\u00e9-sal\u00e9-ok-1.jpg 1167w\" sizes=\"(max-width: 767px) 89vw, (max-width: 1000px) 54vw, (max-width: 1071px) 543px, 580px\" \/><\/figure>\n\n\n\n<p><\/p>\n","protected":false},"excerpt":{"rendered":"<p>En plus des confitures, huiles et vinaigres, liqueurs et cr\u00e8me ap\u00e9ro, Du F\u00e9e mains vous propose quelques produits &#8220;sucr\u00e9 sal\u00e9&#8221;&#8230; La p\u00e2te \u00e0 tartiner maison au bon beurre de ferme &hellip; <\/p>\n<p class=\"link-more\"><a href=\"https:\/\/dufeemains.be\/?page_id=193\" class=\"more-link\">Continue reading<span class=\"screen-reader-text\"> &#8220;Sucr\u00e9 sal\u00e9&#8221;<\/span><\/a><\/p>\n","protected":false},"author":1,"featured_media":0,"parent":0,"menu_order":0,"comment_status":"closed","ping_status":"closed","template":"","meta":[],"_links":{"self":[{"href":"https:\/\/dufeemains.be\/index.php?rest_route=\/wp\/v2\/pages\/193"}],"collection":[{"href":"https:\/\/dufeemains.be\/index.php?rest_route=\/wp\/v2\/pages"}],"about":[{"href":"https:\/\/dufeemains.be\/index.php?rest_route=\/wp\/v2\/types\/page"}],"author":[{"embeddable":true,"href":"https:\/\/dufeemains.be\/index.php?rest_route=\/wp\/v2\/users\/1"}],"replies":[{"embeddable":true,"href":"https:\/\/dufeemains.be\/index.php?rest_route=%2Fwp%2Fv2%2Fcomments&post=193"}],"version-history":[{"count":10,"href":"https:\/\/dufeemains.be\/index.php?rest_route=\/wp\/v2\/pages\/193\/revisions"}],"predecessor-version":[{"id":1140,"href":"https:\/\/dufeemains.be\/index.php?rest_route=\/wp\/v2\/pages\/193\/revisions\/1140"}],"wp:attachment":[{"href":"https:\/\/dufeemains.be\/index.php?rest_route=%2Fwp%2Fv2%2Fmedia&parent=193"}],"curies":[{"name":"wp","href":"https:\/\/api.w.org\/{rel}","templated":true}]}}