{"id":192,"date":"2020-02-23T22:24:46","date_gmt":"2020-02-23T21:24:46","guid":{"rendered":"http:\/\/dufeemains.be\/?page_id=192"},"modified":"2020-02-26T23:06:00","modified_gmt":"2020-02-26T22:06:00","slug":"les-liqueurs","status":"publish","type":"page","link":"https:\/\/dufeemains.be\/?page_id=192","title":{"rendered":"les liqueurs, ap\u00e9ritifs et cr\u00e8mes"},"content":{"rendered":"\n<p>Mises en mac\u00e9ration durant la p\u00e9riode estivale, les liqueurs seront pr\u00eates pour le temps des f\u00eates de fin d&#8217;ann\u00e9e.<\/p>\n\n\n\n<p>A base de fruits, de noyaux ou de baies, les liqueurs se d\u00e9gustent apr\u00e8s un repas, sur de la glace, sur des fruits.  La cr\u00e8me de framboise se marie parfaitement avec le chocolat.  Elles peuvent \u00e9galement s&#8217;associer avec du vin blanc ou du mousseux pour un ap\u00e9ritif orignal.  <\/p>\n\n\n\n<figure class=\"wp-block-gallery columns-3 is-cropped\"><ul class=\"blocks-gallery-grid\"><li class=\"blocks-gallery-item\"><figure><img loading=\"lazy\" width=\"768\" height=\"1024\" src=\"http:\/\/dufeemains.be\/wp-content\/uploads\/2020\/02\/cr\u00e8me-de-cassis-768x1024.jpg\" alt=\"\" data-id=\"408\" data-full-url=\"http:\/\/dufeemains.be\/wp-content\/uploads\/2020\/02\/cr\u00e8me-de-cassis.jpg\" data-link=\"http:\/\/dufeemains.be\/?attachment_id=408\" class=\"wp-image-408\" srcset=\"https:\/\/dufeemains.be\/wp-content\/uploads\/2020\/02\/cr\u00e8me-de-cassis-768x1024.jpg 768w, https:\/\/dufeemains.be\/wp-content\/uploads\/2020\/02\/cr\u00e8me-de-cassis-350x467.jpg 350w, https:\/\/dufeemains.be\/wp-content\/uploads\/2020\/02\/cr\u00e8me-de-cassis-225x300.jpg 225w, https:\/\/dufeemains.be\/wp-content\/uploads\/2020\/02\/cr\u00e8me-de-cassis-1152x1536.jpg 1152w, https:\/\/dufeemains.be\/wp-content\/uploads\/2020\/02\/cr\u00e8me-de-cassis-1536x2048.jpg 1536w, https:\/\/dufeemains.be\/wp-content\/uploads\/2020\/02\/cr\u00e8me-de-cassis.jpg 1920w\" sizes=\"(max-width: 767px) 89vw, (max-width: 1000px) 54vw, (max-width: 1071px) 543px, 580px\" \/><\/figure><\/li><li class=\"blocks-gallery-item\"><figure><img loading=\"lazy\" width=\"360\" height=\"480\" src=\"http:\/\/dufeemains.be\/wp-content\/uploads\/2020\/02\/liqueurs2.jpg\" alt=\"\" data-id=\"411\" data-full-url=\"http:\/\/dufeemains.be\/wp-content\/uploads\/2020\/02\/liqueurs2.jpg\" data-link=\"http:\/\/dufeemains.be\/?attachment_id=411\" class=\"wp-image-411\" srcset=\"https:\/\/dufeemains.be\/wp-content\/uploads\/2020\/02\/liqueurs2.jpg 360w, https:\/\/dufeemains.be\/wp-content\/uploads\/2020\/02\/liqueurs2-350x467.jpg 350w, https:\/\/dufeemains.be\/wp-content\/uploads\/2020\/02\/liqueurs2-225x300.jpg 225w\" sizes=\"(max-width: 360px) 100vw, 360px\" \/><\/figure><\/li><li class=\"blocks-gallery-item\"><figure><img loading=\"lazy\" width=\"960\" height=\"720\" src=\"http:\/\/dufeemains.be\/wp-content\/uploads\/2020\/02\/photos-alcool.jpg\" alt=\"\" data-id=\"412\" data-full-url=\"http:\/\/dufeemains.be\/wp-content\/uploads\/2020\/02\/photos-alcool.jpg\" data-link=\"http:\/\/dufeemains.be\/?attachment_id=412\" class=\"wp-image-412\" srcset=\"https:\/\/dufeemains.be\/wp-content\/uploads\/2020\/02\/photos-alcool.jpg 960w, https:\/\/dufeemains.be\/wp-content\/uploads\/2020\/02\/photos-alcool-350x263.jpg 350w, https:\/\/dufeemains.be\/wp-content\/uploads\/2020\/02\/photos-alcool-300x225.jpg 300w, https:\/\/dufeemains.be\/wp-content\/uploads\/2020\/02\/photos-alcool-768x576.jpg 768w\" sizes=\"(max-width: 767px) 89vw, (max-width: 1000px) 54vw, (max-width: 1071px) 543px, 580px\" \/><\/figure><\/li><\/ul><\/figure>\n\n\n\n<p style=\"color:#391c05\" class=\"has-text-color\">La petite derni\u00e8re, la liqueur de chocolat est fabriqu\u00e9e \u00e0 base des trois composantes du chocolat : l&#8217;\u00e9corce, le gru\u00e9 de cacao et le chocolat.  Le tout provenant d&#8217;un chocolatier local, <a href=\"https:\/\/www.didiersmeets.com\/\"><strong>Didier Smeets<\/strong><\/a>.<\/p>\n\n\n\n<div class=\"wp-block-media-text alignwide\" style=\"grid-template-columns:30% auto\"><figure class=\"wp-block-media-text__media\"><img loading=\"lazy\" width=\"156\" height=\"252\" src=\"http:\/\/dufeemains.be\/wp-content\/uploads\/2020\/02\/gr\u00e8s-dorange-1.jpg\" alt=\"\" class=\"wp-image-414\"\/><\/figure><div class=\"wp-block-media-text__content\">\n<p style=\"background-color:#f0c15b;color:#fa6800\" class=\"has-text-color has-background has-small-font-size\"><strong> Le gr\u00e9 d&#8217;oranges<\/strong>, quant \u00e0 lui, vous surprendra \u00e0 la fois par son amertume et son c\u00f4t\u00e9 sucr\u00e9.  C&#8217;est un ap\u00e9ritif \u00e0 base de vin blanc qui se boit seul ou se m\u00e9lange \u00e0 un mousseux <\/p>\n<\/div><\/div>\n\n\n\n<div class=\"wp-block-image\"><figure class=\"aligncenter size-large is-resized\"><img loading=\"lazy\" src=\"http:\/\/dufeemains.be\/wp-content\/uploads\/2020\/02\/image-citation-liqueurs-ok-1024x301.jpg\" alt=\"\" class=\"wp-image-583\" width=\"634\" height=\"186\" srcset=\"https:\/\/dufeemains.be\/wp-content\/uploads\/2020\/02\/image-citation-liqueurs-ok-1024x301.jpg 1024w, https:\/\/dufeemains.be\/wp-content\/uploads\/2020\/02\/image-citation-liqueurs-ok-350x103.jpg 350w, https:\/\/dufeemains.be\/wp-content\/uploads\/2020\/02\/image-citation-liqueurs-ok-300x88.jpg 300w, https:\/\/dufeemains.be\/wp-content\/uploads\/2020\/02\/image-citation-liqueurs-ok-768x226.jpg 768w, https:\/\/dufeemains.be\/wp-content\/uploads\/2020\/02\/image-citation-liqueurs-ok.jpg 1171w\" sizes=\"(max-width: 634px) 100vw, 634px\" \/><\/figure><\/div>\n","protected":false},"excerpt":{"rendered":"<p>Mises en mac\u00e9ration durant la p\u00e9riode estivale, les liqueurs seront pr\u00eates pour le temps des f\u00eates de fin d&#8217;ann\u00e9e. A base de fruits, de noyaux ou de baies, les liqueurs &hellip; <\/p>\n<p class=\"link-more\"><a href=\"https:\/\/dufeemains.be\/?page_id=192\" class=\"more-link\">Continue reading<span class=\"screen-reader-text\"> &#8220;les liqueurs, ap\u00e9ritifs et cr\u00e8mes&#8221;<\/span><\/a><\/p>\n","protected":false},"author":1,"featured_media":0,"parent":0,"menu_order":0,"comment_status":"closed","ping_status":"closed","template":"","meta":[],"_links":{"self":[{"href":"https:\/\/dufeemains.be\/index.php?rest_route=\/wp\/v2\/pages\/192"}],"collection":[{"href":"https:\/\/dufeemains.be\/index.php?rest_route=\/wp\/v2\/pages"}],"about":[{"href":"https:\/\/dufeemains.be\/index.php?rest_route=\/wp\/v2\/types\/page"}],"author":[{"embeddable":true,"href":"https:\/\/dufeemains.be\/index.php?rest_route=\/wp\/v2\/users\/1"}],"replies":[{"embeddable":true,"href":"https:\/\/dufeemains.be\/index.php?rest_route=%2Fwp%2Fv2%2Fcomments&post=192"}],"version-history":[{"count":7,"href":"https:\/\/dufeemains.be\/index.php?rest_route=\/wp\/v2\/pages\/192\/revisions"}],"predecessor-version":[{"id":817,"href":"https:\/\/dufeemains.be\/index.php?rest_route=\/wp\/v2\/pages\/192\/revisions\/817"}],"wp:attachment":[{"href":"https:\/\/dufeemains.be\/index.php?rest_route=%2Fwp%2Fv2%2Fmedia&parent=192"}],"curies":[{"name":"wp","href":"https:\/\/api.w.org\/{rel}","templated":true}]}}