{"id":190,"date":"2020-02-23T22:24:46","date_gmt":"2020-02-23T21:24:46","guid":{"rendered":"http:\/\/dufeemains.be\/?page_id=190"},"modified":"2020-05-26T18:38:20","modified_gmt":"2020-05-26T16:38:20","slug":"ateliers-adultes","status":"publish","type":"page","link":"https:\/\/dufeemains.be\/?page_id=190","title":{"rendered":"Ateliers adultes"},"content":{"rendered":"\n<p>Etre adulte, c&#8217;est parfois oublier son enfant int\u00e9rieur qui aime jouer, s&#8217;amuser et surtout cr\u00e9er.    Et si vous veniez \u00e9veiller votre enfant int\u00e9rieur au travers de la cr\u00e9ation ?<\/p>\n\n\n\n<p>Au fil de mes cr\u00e9ations, j&#8217;ai pu me rendre compte combien les personnes se demandaient comment je faisais, quelle technique j&#8217;utilisais.   Alors, je me suis dit : &#8220;Et si je cr\u00e9ais des ateliers pour adultes pour r\u00e9pondre &#8220;en vrai&#8221; \u00e0 leurs questions  et leur permettre d&#8217;essayer eux m\u00eames diverses techniques ? &#8221; <\/p>\n\n\n\n<p>En petits groupes de 6 \u00e0 8 personnes selon la technique, je propose des ateliers en soir\u00e9e : <\/p>\n\n\n\n<ul><li>De 19h30 \u00e0 22h30,<\/li><li> Le mardi ou le jeudi , une fois par mois<\/li><li>Avec quelques petits plaisirs gourmands maison, th\u00e9 ou jus de fruits de producteurs<\/li><li>Prix de l&#8217;atelier mat\u00e9riel compris en fonction de la technique propos\u00e9e.<\/li><\/ul>\n\n\n\n<p>Les diff\u00e9rents ateliers propos\u00e9s sont : <\/p>\n\n\n\n<div class=\"wp-block-media-text alignwide\" style=\"grid-template-columns:21% auto\"><figure class=\"wp-block-media-text__media\"><img loading=\"lazy\" width=\"450\" height=\"600\" src=\"http:\/\/dufeemains.be\/wp-content\/uploads\/2020\/04\/grenouille-corde.jpg\" alt=\"\" class=\"wp-image-1106\" srcset=\"https:\/\/dufeemains.be\/wp-content\/uploads\/2020\/04\/grenouille-corde.jpg 450w, https:\/\/dufeemains.be\/wp-content\/uploads\/2020\/04\/grenouille-corde-225x300.jpg 225w, https:\/\/dufeemains.be\/wp-content\/uploads\/2020\/04\/grenouille-corde-350x467.jpg 350w\" sizes=\"(max-width: 450px) 100vw, 450px\" \/><\/figure><div class=\"wp-block-media-text__content\">\n<p style=\"color:#cf410d\" class=\"has-text-color has-medium-font-size\">Peinture cr\u00e9ative sur corde<\/p>\n<\/div><\/div>\n\n\n\n<div class=\"wp-block-media-text alignwide\" style=\"grid-template-columns:21% auto\"><figure class=\"wp-block-media-text__media\"><img loading=\"lazy\" width=\"768\" height=\"1024\" src=\"http:\/\/dufeemains.be\/wp-content\/uploads\/2020\/04\/cailloux-site-1-768x1024.jpg\" alt=\"\" class=\"wp-image-1107\" srcset=\"https:\/\/dufeemains.be\/wp-content\/uploads\/2020\/04\/cailloux-site-1-768x1024.jpg 768w, https:\/\/dufeemains.be\/wp-content\/uploads\/2020\/04\/cailloux-site-1-225x300.jpg 225w, https:\/\/dufeemains.be\/wp-content\/uploads\/2020\/04\/cailloux-site-1-1152x1536.jpg 1152w, https:\/\/dufeemains.be\/wp-content\/uploads\/2020\/04\/cailloux-site-1-1536x2048.jpg 1536w, https:\/\/dufeemains.be\/wp-content\/uploads\/2020\/04\/cailloux-site-1-350x467.jpg 350w, https:\/\/dufeemains.be\/wp-content\/uploads\/2020\/04\/cailloux-site-1-scaled.jpg 1920w\" sizes=\"(max-width: 767px) 89vw, (max-width: 1000px) 54vw, (max-width: 1071px) 543px, 580px\" \/><\/figure><div class=\"wp-block-media-text__content\">\n<p style=\"color:#cf410d\" class=\"has-text-color has-medium-font-size\">Pointillisme sur cailloux<\/p>\n<\/div><\/div>\n\n\n\n<div class=\"wp-block-media-text alignwide\" style=\"grid-template-columns:21% auto\"><figure class=\"wp-block-media-text__media\"><img loading=\"lazy\" width=\"768\" height=\"1024\" src=\"http:\/\/dufeemains.be\/wp-content\/uploads\/2020\/04\/yin-yang-salva-2-768x1024.jpg\" alt=\"\" class=\"wp-image-1108\" srcset=\"https:\/\/dufeemains.be\/wp-content\/uploads\/2020\/04\/yin-yang-salva-2-768x1024.jpg 768w, https:\/\/dufeemains.be\/wp-content\/uploads\/2020\/04\/yin-yang-salva-2-225x300.jpg 225w, https:\/\/dufeemains.be\/wp-content\/uploads\/2020\/04\/yin-yang-salva-2-1152x1536.jpg 1152w, https:\/\/dufeemains.be\/wp-content\/uploads\/2020\/04\/yin-yang-salva-2-1536x2048.jpg 1536w, https:\/\/dufeemains.be\/wp-content\/uploads\/2020\/04\/yin-yang-salva-2-350x467.jpg 350w, https:\/\/dufeemains.be\/wp-content\/uploads\/2020\/04\/yin-yang-salva-2-scaled.jpg 1920w\" sizes=\"(max-width: 767px) 89vw, (max-width: 1000px) 54vw, (max-width: 1071px) 543px, 580px\" \/><\/figure><div class=\"wp-block-media-text__content\">\n<p style=\"color:#cf410d\" class=\"has-text-color has-medium-font-size\">Pointillisme sur petite toile<\/p>\n<\/div><\/div>\n\n\n\n<div class=\"wp-block-media-text alignwide\" style=\"grid-template-columns:21% auto\"><figure class=\"wp-block-media-text__media\"><img loading=\"lazy\" width=\"352\" height=\"480\" src=\"http:\/\/dufeemains.be\/wp-content\/uploads\/2020\/04\/toile-site-1.jpg\" alt=\"\" class=\"wp-image-1109\" srcset=\"https:\/\/dufeemains.be\/wp-content\/uploads\/2020\/04\/toile-site-1.jpg 352w, https:\/\/dufeemains.be\/wp-content\/uploads\/2020\/04\/toile-site-1-220x300.jpg 220w, https:\/\/dufeemains.be\/wp-content\/uploads\/2020\/04\/toile-site-1-350x477.jpg 350w\" sizes=\"(max-width: 352px) 100vw, 352px\" \/><\/figure><div class=\"wp-block-media-text__content\">\n<p style=\"color:#cf410d\" class=\"has-text-color has-medium-font-size\">Pointillisme sur grande toile<\/p>\n<\/div><\/div>\n\n\n\n<div class=\"wp-block-media-text alignwide\" style=\"grid-template-columns:21% auto\"><figure class=\"wp-block-media-text__media\"><img loading=\"lazy\" width=\"1024\" height=\"768\" src=\"http:\/\/dufeemains.be\/wp-content\/uploads\/2020\/04\/m\u00e9mo-photos-2-1024x768.jpg\" alt=\"\" class=\"wp-image-1110\" srcset=\"https:\/\/dufeemains.be\/wp-content\/uploads\/2020\/04\/m\u00e9mo-photos-2-1024x768.jpg 1024w, https:\/\/dufeemains.be\/wp-content\/uploads\/2020\/04\/m\u00e9mo-photos-2-300x225.jpg 300w, https:\/\/dufeemains.be\/wp-content\/uploads\/2020\/04\/m\u00e9mo-photos-2-768x576.jpg 768w, https:\/\/dufeemains.be\/wp-content\/uploads\/2020\/04\/m\u00e9mo-photos-2-1536x1152.jpg 1536w, https:\/\/dufeemains.be\/wp-content\/uploads\/2020\/04\/m\u00e9mo-photos-2-2048x1536.jpg 2048w, https:\/\/dufeemains.be\/wp-content\/uploads\/2020\/04\/m\u00e9mo-photos-2-350x263.jpg 350w\" sizes=\"(max-width: 767px) 89vw, (max-width: 1000px) 54vw, (max-width: 1071px) 543px, 580px\" \/><\/figure><div class=\"wp-block-media-text__content\">\n<p style=\"color:#cf410d\" class=\"has-text-color has-medium-font-size\">Cadre m\u00e9mo bois-grillage ou bois-cordes<\/p>\n<\/div><\/div>\n\n\n\n<p><strong>En novembre, des ateliers &#8220;f\u00eates&#8221; seront propos\u00e9s : <\/strong><\/p>\n\n\n\n<div class=\"wp-block-media-text alignwide\" style=\"grid-template-columns:21% auto\"><figure class=\"wp-block-media-text__media\"><img loading=\"lazy\" width=\"1024\" height=\"768\" src=\"http:\/\/dufeemains.be\/wp-content\/uploads\/2020\/04\/carte-fille-1-1024x768.jpg\" alt=\"\" class=\"wp-image-1111\" srcset=\"https:\/\/dufeemains.be\/wp-content\/uploads\/2020\/04\/carte-fille-1-1024x768.jpg 1024w, https:\/\/dufeemains.be\/wp-content\/uploads\/2020\/04\/carte-fille-1-300x225.jpg 300w, https:\/\/dufeemains.be\/wp-content\/uploads\/2020\/04\/carte-fille-1-768x576.jpg 768w, https:\/\/dufeemains.be\/wp-content\/uploads\/2020\/04\/carte-fille-1-1536x1152.jpg 1536w, https:\/\/dufeemains.be\/wp-content\/uploads\/2020\/04\/carte-fille-1-2048x1536.jpg 2048w, https:\/\/dufeemains.be\/wp-content\/uploads\/2020\/04\/carte-fille-1-350x263.jpg 350w\" sizes=\"(max-width: 767px) 89vw, (max-width: 1000px) 54vw, (max-width: 1071px) 543px, 580px\" \/><\/figure><div class=\"wp-block-media-text__content\">\n<p style=\"color:#cf410d\" class=\"has-text-color has-medium-font-size\">Cartes de v\u0153ux selon diff\u00e9rentes techniques<\/p>\n<\/div><\/div>\n\n\n\n<div class=\"wp-block-media-text alignwide\" style=\"grid-template-columns:21% auto\"><figure class=\"wp-block-media-text__media\"><img loading=\"lazy\" width=\"1024\" height=\"768\" src=\"http:\/\/dufeemains.be\/wp-content\/uploads\/2020\/04\/bougie-5-1024x768.jpg\" alt=\"\" class=\"wp-image-1115\" srcset=\"https:\/\/dufeemains.be\/wp-content\/uploads\/2020\/04\/bougie-5-1024x768.jpg 1024w, https:\/\/dufeemains.be\/wp-content\/uploads\/2020\/04\/bougie-5-300x225.jpg 300w, https:\/\/dufeemains.be\/wp-content\/uploads\/2020\/04\/bougie-5-768x576.jpg 768w, https:\/\/dufeemains.be\/wp-content\/uploads\/2020\/04\/bougie-5-1536x1152.jpg 1536w, https:\/\/dufeemains.be\/wp-content\/uploads\/2020\/04\/bougie-5-2048x1536.jpg 2048w, https:\/\/dufeemains.be\/wp-content\/uploads\/2020\/04\/bougie-5-350x263.jpg 350w\" sizes=\"(max-width: 767px) 89vw, (max-width: 1000px) 54vw, (max-width: 1071px) 543px, 580px\" \/><\/figure><div class=\"wp-block-media-text__content\">\n<p style=\"color:#cf410d\" class=\"has-text-color has-medium-font-size\">Bougie artisanale<\/p>\n<\/div><\/div>\n\n\n\n<p>Par ailleurs, Du F\u00e9e mains souhaite travailler avec d&#8217;autres amis artisans qui pourront venir colorer l&#8217;atelier d&#8217;autres techniques.<\/p>\n\n\n\n<p><strong>En raison du COVID 19, le programme des ateliers  adulte sera publi\u00e9 en fonction des d\u00e9cisions gouvernementales.<\/strong> <\/p>\n\n\n\n<figure class=\"wp-block-image size-large\"><img loading=\"lazy\" width=\"1024\" height=\"308\" src=\"http:\/\/dufeemains.be\/wp-content\/uploads\/2020\/04\/citation-cr\u00e9ativit\u00e9-adulte-ok-3-1024x308.jpg\" alt=\"\" class=\"wp-image-1124\" srcset=\"https:\/\/dufeemains.be\/wp-content\/uploads\/2020\/04\/citation-cr\u00e9ativit\u00e9-adulte-ok-3-1024x308.jpg 1024w, https:\/\/dufeemains.be\/wp-content\/uploads\/2020\/04\/citation-cr\u00e9ativit\u00e9-adulte-ok-3-300x90.jpg 300w, https:\/\/dufeemains.be\/wp-content\/uploads\/2020\/04\/citation-cr\u00e9ativit\u00e9-adulte-ok-3-768x231.jpg 768w, https:\/\/dufeemains.be\/wp-content\/uploads\/2020\/04\/citation-cr\u00e9ativit\u00e9-adulte-ok-3-350x105.jpg 350w, https:\/\/dufeemains.be\/wp-content\/uploads\/2020\/04\/citation-cr\u00e9ativit\u00e9-adulte-ok-3.jpg 1189w\" sizes=\"(max-width: 767px) 89vw, (max-width: 1000px) 54vw, (max-width: 1071px) 543px, 580px\" \/><\/figure>\n","protected":false},"excerpt":{"rendered":"<p>Etre adulte, c&#8217;est parfois oublier son enfant int\u00e9rieur qui aime jouer, s&#8217;amuser et surtout cr\u00e9er. Et si vous veniez \u00e9veiller votre enfant int\u00e9rieur au travers de la cr\u00e9ation ? Au &hellip; <\/p>\n<p class=\"link-more\"><a href=\"https:\/\/dufeemains.be\/?page_id=190\" class=\"more-link\">Continue reading<span class=\"screen-reader-text\"> &#8220;Ateliers adultes&#8221;<\/span><\/a><\/p>\n","protected":false},"author":1,"featured_media":0,"parent":0,"menu_order":0,"comment_status":"closed","ping_status":"closed","template":"","meta":[],"_links":{"self":[{"href":"https:\/\/dufeemains.be\/index.php?rest_route=\/wp\/v2\/pages\/190"}],"collection":[{"href":"https:\/\/dufeemains.be\/index.php?rest_route=\/wp\/v2\/pages"}],"about":[{"href":"https:\/\/dufeemains.be\/index.php?rest_route=\/wp\/v2\/types\/page"}],"author":[{"embeddable":true,"href":"https:\/\/dufeemains.be\/index.php?rest_route=\/wp\/v2\/users\/1"}],"replies":[{"embeddable":true,"href":"https:\/\/dufeemains.be\/index.php?rest_route=%2Fwp%2Fv2%2Fcomments&post=190"}],"version-history":[{"count":9,"href":"https:\/\/dufeemains.be\/index.php?rest_route=\/wp\/v2\/pages\/190\/revisions"}],"predecessor-version":[{"id":1149,"href":"https:\/\/dufeemains.be\/index.php?rest_route=\/wp\/v2\/pages\/190\/revisions\/1149"}],"wp:attachment":[{"href":"https:\/\/dufeemains.be\/index.php?rest_route=%2Fwp%2Fv2%2Fmedia&parent=190"}],"curies":[{"name":"wp","href":"https:\/\/api.w.org\/{rel}","templated":true}]}}