{"id":188,"date":"2020-02-23T22:24:46","date_gmt":"2020-02-23T21:24:46","guid":{"rendered":"http:\/\/dufeemains.be\/?page_id=188"},"modified":"2020-05-26T18:29:37","modified_gmt":"2020-05-26T16:29:37","slug":"les-initiations","status":"publish","type":"page","link":"https:\/\/dufeemains.be\/?page_id=188","title":{"rendered":"Les initiations"},"content":{"rendered":"\n<p><\/p>\n\n\n\n<div class=\"wp-block-image\"><figure class=\"aligncenter size-large is-resized\"><img loading=\"lazy\" src=\"http:\/\/dufeemains.be\/wp-content\/uploads\/2020\/02\/initiation.jpg\" alt=\"\" class=\"wp-image-762\" width=\"366\" height=\"200\" srcset=\"https:\/\/dufeemains.be\/wp-content\/uploads\/2020\/02\/initiation.jpg 304w, https:\/\/dufeemains.be\/wp-content\/uploads\/2020\/02\/initiation-300x164.jpg 300w\" sizes=\"(max-width: 366px) 100vw, 366px\" \/><\/figure><\/div>\n\n\n\n<p>Vous avez d\u00e9j\u00e0 re\u00e7u des soins Reiki et vous avez appr\u00e9ci\u00e9 ?  Vous avez vous aussi envie de devenir canal d&#8217;\u00e9nergie pour vous-m\u00eame mais aussi pour des soins aux personnes, aux animaux, v\u00e9g\u00e9taux, lieux ou situations ?<\/p>\n\n\n\n<p>Initi\u00e9e au 3\u00e8me degr\u00e9 du Reiki Usui, je peux  vous enseigner le premier et le second niveau.<\/p>\n\n\n\n<p>L&#8217;initiation au Reiki permet la r\u00e9 harmonisation de l&#8217;\u00e9nergie vitale personnelle (Ki) \u00e0 l&#8217;\u00e9nergie vitale universelle (Rei).  C&#8217;est ce qui diff\u00e9rencie en effet le Reiki aux autres m\u00e9thodes de sant\u00e9 naturelle ou de d\u00e9veloppement personnel : le Reiki se transmet de ma\u00eetre \u00e0 \u00e9l\u00e8ve selon un rituel antique et sacr\u00e9.<\/p>\n\n\n\n<p><\/p>\n\n\n\n<div class=\"wp-block-image\"><figure class=\"aligncenter size-large is-resized\"><img loading=\"lazy\" src=\"http:\/\/dufeemains.be\/wp-content\/uploads\/2020\/02\/initiation-reiki-1024x393.png\" alt=\"\" class=\"wp-image-766\" width=\"604\" height=\"231\" srcset=\"https:\/\/dufeemains.be\/wp-content\/uploads\/2020\/02\/initiation-reiki-1024x393.png 1024w, https:\/\/dufeemains.be\/wp-content\/uploads\/2020\/02\/initiation-reiki-350x134.png 350w, https:\/\/dufeemains.be\/wp-content\/uploads\/2020\/02\/initiation-reiki-300x115.png 300w, https:\/\/dufeemains.be\/wp-content\/uploads\/2020\/02\/initiation-reiki-768x295.png 768w, https:\/\/dufeemains.be\/wp-content\/uploads\/2020\/02\/initiation-reiki-1536x589.png 1536w, https:\/\/dufeemains.be\/wp-content\/uploads\/2020\/02\/initiation-reiki-2048x786.png 2048w\" sizes=\"(max-width: 604px) 100vw, 604px\" \/><\/figure><\/div>\n\n\n\n<p><strong>Le premier niveau Reiki<\/strong> est celui reli\u00e9 \u00e0 la terre, le corps.  Ce niveau permet \u00e0 la personne initi\u00e9e des capacit\u00e9s de canalisation de l&#8217;Energie universelle.  Une fois que la personne a \u00e9t\u00e9 initi\u00e9e \u00e0 l&#8217;\u00e9nergie Reiki, elle le sera d\u00e9finitivement.<\/p>\n\n\n\n<p><strong>Le second niveau Reiki <\/strong>est celui reli\u00e9 \u00e0 l&#8217;eau, l&#8217;\u00e9motionnel et le mental.  Il est accessible \u00e0 toute personne initi\u00e9e au premier degr\u00e9.  Ce niveau renforce l&#8217;\u00e9nergie et permet l&#8217;utilisation de trois symboles.  Il permet \u00e9galement les soins \u00e0 distance.  <\/p>\n\n\n\n<p>Ce niveau est conseill\u00e9 aux personnes d\u00e9sireuses de travailler sur elles-m\u00eames plus en profondeur  et pour l&#8217;utilisation du Reiki de fa\u00e7on professionnelle ou simplement pour en explorer toutes les possibilit\u00e9s d&#8217;utilisation.<\/p>\n\n\n\n<p><\/p>\n\n\n\n<p style=\"background-color:#e4aaa0\" class=\"has-background\"><strong>Le prix de l&#8217;initiation Reiki au premier niveau est de 175\u20ac<\/strong>.  Cela comprend un soin pr\u00e9alable, le syllabus, un cd de musique et l&#8217;initiation sur 4 soir\u00e9es ou un we.<\/p>\n\n\n\n<p style=\"background-color:#7eaabc\" class=\"has-background\"><strong>Le prix de l&#8217;initiation Reiki au second niveau est de 275\u20ac.<\/strong>  Cela comprend un soin pr\u00e9alable, le syllabus, un cd de musique et l&#8217;initiation sur 3 soir\u00e9es ou un WE avec la transmission des symboles.<\/p>\n\n\n\n<p>Plus d&#8217;informations ?  Rendez vous? <a href=\"http:\/\/dufeemains.be\/?page_id=846\"><strong>Contactez-moi<\/strong><\/a><\/p>\n\n\n\n<div class=\"wp-block-image\"><figure class=\"aligncenter size-large\"><img loading=\"lazy\" width=\"205\" height=\"246\" src=\"http:\/\/dufeemains.be\/wp-content\/uploads\/2020\/02\/soleil.jpg\" alt=\"\" class=\"wp-image-771\"\/><\/figure><\/div>\n\n\n\n<div class=\"wp-block-image\"><figure class=\"aligncenter size-large\"><img loading=\"lazy\" width=\"1024\" height=\"301\" src=\"http:\/\/dufeemains.be\/wp-content\/uploads\/2020\/02\/citation-initiation-ok-1024x301.jpg\" alt=\"\" class=\"wp-image-772\" srcset=\"https:\/\/dufeemains.be\/wp-content\/uploads\/2020\/02\/citation-initiation-ok-1024x301.jpg 1024w, https:\/\/dufeemains.be\/wp-content\/uploads\/2020\/02\/citation-initiation-ok-350x103.jpg 350w, https:\/\/dufeemains.be\/wp-content\/uploads\/2020\/02\/citation-initiation-ok-300x88.jpg 300w, https:\/\/dufeemains.be\/wp-content\/uploads\/2020\/02\/citation-initiation-ok-768x226.jpg 768w, https:\/\/dufeemains.be\/wp-content\/uploads\/2020\/02\/citation-initiation-ok.jpg 1171w\" sizes=\"(max-width: 767px) 89vw, (max-width: 1000px) 54vw, (max-width: 1071px) 543px, 580px\" \/><\/figure><\/div>\n","protected":false},"excerpt":{"rendered":"<p>Vous avez d\u00e9j\u00e0 re\u00e7u des soins Reiki et vous avez appr\u00e9ci\u00e9 ? Vous avez vous aussi envie de devenir canal d&#8217;\u00e9nergie pour vous-m\u00eame mais aussi pour des soins aux personnes, &hellip; <\/p>\n<p class=\"link-more\"><a href=\"https:\/\/dufeemains.be\/?page_id=188\" class=\"more-link\">Continue reading<span class=\"screen-reader-text\"> &#8220;Les initiations&#8221;<\/span><\/a><\/p>\n","protected":false},"author":1,"featured_media":0,"parent":0,"menu_order":0,"comment_status":"closed","ping_status":"closed","template":"","meta":[],"_links":{"self":[{"href":"https:\/\/dufeemains.be\/index.php?rest_route=\/wp\/v2\/pages\/188"}],"collection":[{"href":"https:\/\/dufeemains.be\/index.php?rest_route=\/wp\/v2\/pages"}],"about":[{"href":"https:\/\/dufeemains.be\/index.php?rest_route=\/wp\/v2\/types\/page"}],"author":[{"embeddable":true,"href":"https:\/\/dufeemains.be\/index.php?rest_route=\/wp\/v2\/users\/1"}],"replies":[{"embeddable":true,"href":"https:\/\/dufeemains.be\/index.php?rest_route=%2Fwp%2Fv2%2Fcomments&post=188"}],"version-history":[{"count":10,"href":"https:\/\/dufeemains.be\/index.php?rest_route=\/wp\/v2\/pages\/188\/revisions"}],"predecessor-version":[{"id":1143,"href":"https:\/\/dufeemains.be\/index.php?rest_route=\/wp\/v2\/pages\/188\/revisions\/1143"}],"wp:attachment":[{"href":"https:\/\/dufeemains.be\/index.php?rest_route=%2Fwp%2Fv2%2Fmedia&parent=188"}],"curies":[{"name":"wp","href":"https:\/\/api.w.org\/{rel}","templated":true}]}}