{"id":187,"date":"2020-02-23T22:24:46","date_gmt":"2020-02-23T21:24:46","guid":{"rendered":"http:\/\/dufeemains.be\/?page_id=187"},"modified":"2020-05-26T18:30:34","modified_gmt":"2020-05-26T16:30:34","slug":"la-methode-enelph","status":"publish","type":"page","link":"https:\/\/dufeemains.be\/?page_id=187","title":{"rendered":"La m\u00e9thode Enelph"},"content":{"rendered":"\n<div class=\"wp-block-media-text alignwide\"><figure class=\"wp-block-media-text__media\"><img loading=\"lazy\" width=\"274\" height=\"191\" src=\"http:\/\/dufeemains.be\/wp-content\/uploads\/2020\/02\/enelph-deux.jpg\" alt=\"\" class=\"wp-image-777\"\/><\/figure><div class=\"wp-block-media-text__content\">\n<p style=\"font-size:14px\">La M\u00e9thode Enelph est une m\u00e9thode d&#8217;harmonisation et de r\u00e9\u00e9quilibrage \u00e9nerg\u00e9tique.  Il s&#8217;agit d&#8217;un soin-massage doux et sans aucune manipulation.<\/p>\n<\/div><\/div>\n\n\n\n<p>Le travail de gu\u00e9rison par ce soin est holistique, c&#8217;est-\u00e0-dire qu&#8217;il agit tant au niveau physique et mental qu&#8217;au niveau \u00e9motionnel et spirituel.  Cette m\u00e9thode a pour objectif principal de permettre au corps la r\u00e9activation de son potentiel d&#8217;auto-gu\u00e9rison.<\/p>\n\n\n\n<p>Une personne qui d\u00e9cide de recevoir un ou plusieurs soins ENELPH pose un acte volontaire pour une certaine \u00e9volution de sa personne. Elle s\u2019ouvre \u00e0 une aide apparemment ext\u00e9rieure pour effectuer un changement int\u00e9rieur .<\/p>\n\n\n\n<p>Bloqu\u00e9 par les mouvements de vie tels que deuil, s\u00e9paration, souci professionnel, \u00e9puisement, peur, le potentiel d&#8217;auto gu\u00e9rison de la personne est souvent amoindri.  Ces traumatismes, qui se sont log\u00e9s autour de la colonne vert\u00e9brale, vont alors \u00eatre lib\u00e9r\u00e9s  au cours <strong><a href=\"http:\/\/dufeemains.be\/?page_id=692\">du soin<\/a><\/strong> par l&#8217;\u00e9nergie Enelph.  L&#8217;\u00e9nergie peut donc recirculer librement de fa\u00e7on harmonieuse et r\u00e9investir le corps.<\/p>\n\n\n\n<p><\/p>\n\n\n\n<p><\/p>\n\n\n\n<figure class=\"wp-block-gallery columns-3 is-cropped\"><ul class=\"blocks-gallery-grid\"><li class=\"blocks-gallery-item\"><figure><img loading=\"lazy\" width=\"194\" height=\"259\" src=\"http:\/\/dufeemains.be\/wp-content\/uploads\/2020\/02\/dos-enelph.jpg\" alt=\"\" data-id=\"778\" data-link=\"http:\/\/dufeemains.be\/?attachment_id=778\" class=\"wp-image-778\"\/><\/figure><\/li><li class=\"blocks-gallery-item\"><figure><img loading=\"lazy\" width=\"710\" height=\"444\" src=\"http:\/\/dufeemains.be\/wp-content\/uploads\/2020\/02\/flammes-enelph.jpg\" alt=\"\" data-id=\"779\" data-link=\"http:\/\/dufeemains.be\/?attachment_id=779\" class=\"wp-image-779\" srcset=\"https:\/\/dufeemains.be\/wp-content\/uploads\/2020\/02\/flammes-enelph.jpg 710w, https:\/\/dufeemains.be\/wp-content\/uploads\/2020\/02\/flammes-enelph-350x219.jpg 350w, https:\/\/dufeemains.be\/wp-content\/uploads\/2020\/02\/flammes-enelph-300x188.jpg 300w\" sizes=\"(max-width: 710px) 100vw, 710px\" \/><\/figure><\/li><li class=\"blocks-gallery-item\"><figure><img loading=\"lazy\" width=\"700\" height=\"494\" src=\"http:\/\/dufeemains.be\/wp-content\/uploads\/2020\/02\/cailloux.jpg\" alt=\"\" data-id=\"781\" data-full-url=\"http:\/\/dufeemains.be\/wp-content\/uploads\/2020\/02\/cailloux.jpg\" data-link=\"http:\/\/dufeemains.be\/?attachment_id=781\" class=\"wp-image-781\" srcset=\"https:\/\/dufeemains.be\/wp-content\/uploads\/2020\/02\/cailloux.jpg 700w, https:\/\/dufeemains.be\/wp-content\/uploads\/2020\/02\/cailloux-350x247.jpg 350w, https:\/\/dufeemains.be\/wp-content\/uploads\/2020\/02\/cailloux-300x212.jpg 300w\" sizes=\"(max-width: 700px) 100vw, 700px\" \/><\/figure><\/li><li class=\"blocks-gallery-item\"><figure><img loading=\"lazy\" width=\"480\" height=\"380\" src=\"http:\/\/dufeemains.be\/wp-content\/uploads\/2020\/02\/image-enelph.jpg\" alt=\"\" data-id=\"780\" data-link=\"http:\/\/dufeemains.be\/?attachment_id=780\" class=\"wp-image-780\" srcset=\"https:\/\/dufeemains.be\/wp-content\/uploads\/2020\/02\/image-enelph.jpg 480w, https:\/\/dufeemains.be\/wp-content\/uploads\/2020\/02\/image-enelph-350x277.jpg 350w, https:\/\/dufeemains.be\/wp-content\/uploads\/2020\/02\/image-enelph-300x238.jpg 300w\" sizes=\"(max-width: 480px) 100vw, 480px\" \/><\/figure><\/li><\/ul><\/figure>\n","protected":false},"excerpt":{"rendered":"<p>La M\u00e9thode Enelph est une m\u00e9thode d&#8217;harmonisation et de r\u00e9\u00e9quilibrage \u00e9nerg\u00e9tique. Il s&#8217;agit d&#8217;un soin-massage doux et sans aucune manipulation. Le travail de gu\u00e9rison par ce soin est holistique, c&#8217;est-\u00e0-dire &hellip; <\/p>\n<p class=\"link-more\"><a href=\"https:\/\/dufeemains.be\/?page_id=187\" class=\"more-link\">Continue reading<span class=\"screen-reader-text\"> &#8220;La m\u00e9thode Enelph&#8221;<\/span><\/a><\/p>\n","protected":false},"author":1,"featured_media":0,"parent":0,"menu_order":0,"comment_status":"closed","ping_status":"closed","template":"","meta":[],"_links":{"self":[{"href":"https:\/\/dufeemains.be\/index.php?rest_route=\/wp\/v2\/pages\/187"}],"collection":[{"href":"https:\/\/dufeemains.be\/index.php?rest_route=\/wp\/v2\/pages"}],"about":[{"href":"https:\/\/dufeemains.be\/index.php?rest_route=\/wp\/v2\/types\/page"}],"author":[{"embeddable":true,"href":"https:\/\/dufeemains.be\/index.php?rest_route=\/wp\/v2\/users\/1"}],"replies":[{"embeddable":true,"href":"https:\/\/dufeemains.be\/index.php?rest_route=%2Fwp%2Fv2%2Fcomments&post=187"}],"version-history":[{"count":6,"href":"https:\/\/dufeemains.be\/index.php?rest_route=\/wp\/v2\/pages\/187\/revisions"}],"predecessor-version":[{"id":1144,"href":"https:\/\/dufeemains.be\/index.php?rest_route=\/wp\/v2\/pages\/187\/revisions\/1144"}],"wp:attachment":[{"href":"https:\/\/dufeemains.be\/index.php?rest_route=%2Fwp%2Fv2%2Fmedia&parent=187"}],"curies":[{"name":"wp","href":"https:\/\/api.w.org\/{rel}","templated":true}]}}