{"id":185,"date":"2020-02-23T22:24:46","date_gmt":"2020-02-23T21:24:46","guid":{"rendered":"http:\/\/dufeemains.be\/?page_id=185"},"modified":"2021-07-27T10:57:17","modified_gmt":"2021-07-27T08:57:17","slug":"les-dates-des-dejeuners","status":"publish","type":"page","link":"https:\/\/dufeemains.be\/?page_id=185","title":{"rendered":"Les dates des d\u00e9jeuners"},"content":{"rendered":"\n<p>Seul, en famille, entre amis, entre coll\u00e8gues, soyez les bienvenu(e)s aux petits <a href=\"http:\/\/dufeemains.be\/?page_id=147\"><strong>d\u00e9jeuners gourmands<\/strong><\/a> Du F\u00e9e mains.<\/p>\n\n\n\n<p> Un anniversaire ?  Un enterrement de vie de jeune fille\/jeune homme, une occasion \u00e0 f\u00eater ? Vous pouvez cr\u00e9er aussi un groupe de minimum 8 personnes et nous conviendrons d&#8217;une date rien que pour vous !<\/p>\n\n\n\n<p>Vous avez une entreprise ?  Un petit d\u00e9jeuner d&#8217;entreprise est possible, 20 personnes maximum.  D\u00e9placement possible en entreprise, \u00e0 discuter.<\/p>\n\n\n\n<p>Pour faciliter les commandes aupr\u00e8s des producteurs, il est n\u00e9cessaire de r\u00e9server 10 jours maximum avant la date.  <\/p>\n\n\n\n<p class=\"has-luminous-vivid-orange-color has-text-color\"><strong>Le prix est de 12\u20ac par adulte et de 6\u20ac par enfant.<\/strong><\/p>\n\n\n\n<p><strong> Voici les dates des d\u00e9jeuners gourmands et les th\u00e8mes du mois<\/strong> :<\/p>\n\n\n\n<p class=\"has-very-light-gray-color has-vivid-red-background-color has-text-color has-background\">Dimanche 19 septembre dont le th\u00e8me sera &#8220;plaisirs d&#8217;automne&#8221;<\/p>\n\n\n\n<p>Ce d\u00e9jeuner sera organis\u00e9 <strong>\u00e9videmment<\/strong> en fonction des autorisations du Gouvernement pour le Covid-19.   Actuellement, maximum 8 personnes par table.<\/p>\n\n\n\n<p class=\"has-background\" style=\"background-color:#e0930d\"> Plus d\u2019informations ? <a href=\"http:\/\/dufeemains.be\/?page_id=846\"><strong>Contactez-moi<\/strong><\/a>                                                                    Merci de r\u00e9server par t\u00e9l\u00e9phone au 0485\/97.54.30 ou par mail : valerieschyns@yahoo.fr<\/p>\n\n\n\n<p class=\"has-text-align-center has-text-color\" style=\"color:#c01b4c\"><strong>Il est possible \u00e9galement d&#8217;offrir un bon cadeau &#8220;Petit d\u00e9jeuner gourmand&#8221; <\/strong><\/p>\n\n\n\n<figure class=\"wp-block-video\"><video controls src=\"http:\/\/dufeemains.be\/wp-content\/uploads\/2020\/02\/video-1563102337-1.mp4\"><\/video><\/figure>\n","protected":false},"excerpt":{"rendered":"<p>Seul, en famille, entre amis, entre coll\u00e8gues, soyez les bienvenu(e)s aux petits d\u00e9jeuners gourmands Du F\u00e9e mains. Un anniversaire ? Un enterrement de vie de jeune fille\/jeune homme, une occasion &hellip; <\/p>\n<p class=\"link-more\"><a href=\"https:\/\/dufeemains.be\/?page_id=185\" class=\"more-link\">Continue reading<span class=\"screen-reader-text\"> &#8220;Les dates des d\u00e9jeuners&#8221;<\/span><\/a><\/p>\n","protected":false},"author":1,"featured_media":0,"parent":0,"menu_order":0,"comment_status":"closed","ping_status":"closed","template":"","meta":[],"_links":{"self":[{"href":"https:\/\/dufeemains.be\/index.php?rest_route=\/wp\/v2\/pages\/185"}],"collection":[{"href":"https:\/\/dufeemains.be\/index.php?rest_route=\/wp\/v2\/pages"}],"about":[{"href":"https:\/\/dufeemains.be\/index.php?rest_route=\/wp\/v2\/types\/page"}],"author":[{"embeddable":true,"href":"https:\/\/dufeemains.be\/index.php?rest_route=\/wp\/v2\/users\/1"}],"replies":[{"embeddable":true,"href":"https:\/\/dufeemains.be\/index.php?rest_route=%2Fwp%2Fv2%2Fcomments&post=185"}],"version-history":[{"count":19,"href":"https:\/\/dufeemains.be\/index.php?rest_route=\/wp\/v2\/pages\/185\/revisions"}],"predecessor-version":[{"id":1177,"href":"https:\/\/dufeemains.be\/index.php?rest_route=\/wp\/v2\/pages\/185\/revisions\/1177"}],"wp:attachment":[{"href":"https:\/\/dufeemains.be\/index.php?rest_route=%2Fwp%2Fv2%2Fmedia&parent=185"}],"curies":[{"name":"wp","href":"https:\/\/api.w.org\/{rel}","templated":true}]}}