{"id":183,"date":"2020-02-23T22:24:46","date_gmt":"2020-02-23T21:24:46","guid":{"rendered":"http:\/\/dufeemains.be\/?page_id=183"},"modified":"2021-07-27T11:36:25","modified_gmt":"2021-07-27T09:36:25","slug":"liste-production","status":"publish","type":"page","link":"https:\/\/dufeemains.be\/?page_id=183","title":{"rendered":"Liste production"},"content":{"rendered":"\n<p>Les confitures Du F\u00e9e mains ont divers go\u00fbts.  Duo ou trio de fruits, classiques, \u00e9pic\u00e9es, aux infusions v\u00e9g\u00e9tales ou m\u00eame de l\u00e9gumes, elles changent au fil des saisons.  Certaines, \u00e9ph\u00e9m\u00e8res, ne restent qu&#8217;un temps.  Les autres perdurent pour le plaisir des petits et des grands.<\/p>\n\n\n\n<p>La liste de production vous permettra de conna\u00eetre les go\u00fbts adapt\u00e9s au fil des saisons et de mes envies de cuisson.<\/p>\n\n\n\n<div class=\"wp-block-image\"><figure class=\"aligncenter size-large is-resized\"><a href=\"https:\/\/www.facebook.com\/photojeronimo\/\"><img loading=\"lazy\" src=\"http:\/\/dufeemains.be\/wp-content\/uploads\/2020\/02\/plan\u00e8te-zen.jpg\" alt=\"\" class=\"wp-image-282\" width=\"343\" height=\"228\" srcset=\"https:\/\/dufeemains.be\/wp-content\/uploads\/2020\/02\/plan\u00e8te-zen.jpg 600w, https:\/\/dufeemains.be\/wp-content\/uploads\/2020\/02\/plan\u00e8te-zen-350x233.jpg 350w, https:\/\/dufeemains.be\/wp-content\/uploads\/2020\/02\/plan\u00e8te-zen-300x200.jpg 300w\" sizes=\"(max-width: 343px) 100vw, 343px\" \/><\/a><figcaption>Photo J\u00e9r\u00e9mie Rindone, <a href=\"https:\/\/www.facebook.com\/photojeronimo\/\">Photo jeronimo<\/a><\/figcaption><\/figure><\/div>\n\n\n\n<p class=\"has-text-align-left\">               <strong>  Les confitures \u00a0\u00ab\u00a0Du f\u00e9e mains\u00a0\u00bb<\/strong>, les go\u00fbts production \u00e9t\u00e9 2021<\/p>\n\n\n\n<p>Toutes les confitures sont propos\u00e9es en pot de 212 grammes.  Les confitures de l\u00e9gumes sont, quant \u00e0 elles, disponibles en 100 et 212 grammes.<\/p>\n\n\n\n<ul><li>Abricots<\/li><li>Abricots-fleurs de sureau<\/li><li>Abricots-fraises<\/li><li>Abricots-lavande<\/li><li>Abricots-thym<\/li><li>Cerises<\/li><li>Cerises-tilleul<\/li><li>Courgettes aux \u00e9pices<\/li><li>Fraises<\/li><li>Fraises aux \u00e9pices<\/li><li>Fraises-cassis<\/li><li>Fraises de No\u00ebl (fraises, \u00e9pices, fleur de sel, miettes de sp\u00e9culoos)<\/li><li>Fraises-Fleurs de sureau<\/li><li>Fraises-fleurs d&#8217;oranger<\/li><li>Fraises-Framboises<\/li><li>Fraises-framboises-cr\u00e8me de framboises<\/li><li>Fraises-groseilles rouges<\/li><li>Fraises-menthe<\/li><li>Fraises-m\u00fbres<\/li><li>Fraises-p\u00eaches-melon<\/li><li>Fraises-poires \u00e9pices cumbava (\u00e9pices de l&#8217;\u00eele de Madagascar)<\/li><li>Framboises-violette<\/li><li>Frambolise d&#8217;hiver (Frambolise, mandarine Napol\u00e9on, pommes)<\/li><li>Gel\u00e9e de coings<\/li><li>Gel\u00e9e de groseilles rouges<\/li><li>Gel\u00e9e de groseilles rouges-framboises<\/li><li>Gel\u00e9e pommes &#8211; fleurs de sureau<\/li><li>Melon-framboises<\/li><li>M\u00fbres-framboises-zestes oranges<\/li><li>Nectarines framboises jasmin<\/li><li>Nectarines  jaunes-lavande<\/li><li>Nectarines jaunes-menthe<\/li><li>P\u00eaches-romarin-citron vert<\/li><li>Poivron-piment d&#8217;Espelette en 100 et 200 gr<\/li><li>Potiron-poires-coco<\/li><li>Prunes B\u00e9atrix<\/li><li>Prunes du bocage<\/li><li>Rhubarbe<\/li><li>Rhubarbe abricots secs<\/li><li>Rhubarbe-fleurs de sureau<\/li><li>Rhubarbe fraises<\/li><li>Tomates vertes en 100  et 200 gr<\/li><li>Trois fruits rouges (fraises, m\u00fbres, groseilles)\u00a0\u00a0\u00a0\u00a0\u00a0\u00a0\u00a0\u00a0\u00a0\u00a0\u00a0\u00a0\u00a0\u00a0\u00a0\u00a0\u00a0\u00a0\u00a0\u00a0\u00a0\u00a0\u00a0\u00a0\u00a0\u00a0\u00a0\u00a0\u00a0\u00a0\u00a0\u00a0\u00a0\u00a0\u00a0\u00a0\u00a0\u00a0\u00a0\u00a0\u00a0\u00a0\u00a0               <\/li><\/ul>\n\n\n\n<p><strong>La frambolise est la confiture d\u00e9di\u00e9e \u00e0 ma grand-m\u00e8re :  framboises, pommes et une touche de Mandarine napol\u00e9on. &nbsp;<\/strong><\/p>\n","protected":false},"excerpt":{"rendered":"<p>Les confitures Du F\u00e9e mains ont divers go\u00fbts. Duo ou trio de fruits, classiques, \u00e9pic\u00e9es, aux infusions v\u00e9g\u00e9tales ou m\u00eame de l\u00e9gumes, elles changent au fil des saisons. Certaines, \u00e9ph\u00e9m\u00e8res, &hellip; <\/p>\n<p class=\"link-more\"><a href=\"https:\/\/dufeemains.be\/?page_id=183\" class=\"more-link\">Continue reading<span class=\"screen-reader-text\"> &#8220;Liste production&#8221;<\/span><\/a><\/p>\n","protected":false},"author":1,"featured_media":0,"parent":0,"menu_order":0,"comment_status":"closed","ping_status":"closed","template":"","meta":[],"_links":{"self":[{"href":"https:\/\/dufeemains.be\/index.php?rest_route=\/wp\/v2\/pages\/183"}],"collection":[{"href":"https:\/\/dufeemains.be\/index.php?rest_route=\/wp\/v2\/pages"}],"about":[{"href":"https:\/\/dufeemains.be\/index.php?rest_route=\/wp\/v2\/types\/page"}],"author":[{"embeddable":true,"href":"https:\/\/dufeemains.be\/index.php?rest_route=\/wp\/v2\/users\/1"}],"replies":[{"embeddable":true,"href":"https:\/\/dufeemains.be\/index.php?rest_route=%2Fwp%2Fv2%2Fcomments&post=183"}],"version-history":[{"count":16,"href":"https:\/\/dufeemains.be\/index.php?rest_route=\/wp\/v2\/pages\/183\/revisions"}],"predecessor-version":[{"id":1189,"href":"https:\/\/dufeemains.be\/index.php?rest_route=\/wp\/v2\/pages\/183\/revisions\/1189"}],"wp:attachment":[{"href":"https:\/\/dufeemains.be\/index.php?rest_route=%2Fwp%2Fv2%2Fmedia&parent=183"}],"curies":[{"name":"wp","href":"https:\/\/api.w.org\/{rel}","templated":true}]}}