{"id":159,"date":"2020-02-09T21:29:55","date_gmt":"2020-02-09T20:29:55","guid":{"rendered":"http:\/\/dufeemains.be\/?page_id=159"},"modified":"2020-04-13T13:18:28","modified_gmt":"2020-04-13T11:18:28","slug":"en-construction-8","status":"publish","type":"page","link":"https:\/\/dufeemains.be\/?page_id=159","title":{"rendered":"Agenda et actus"},"content":{"rendered":"\n<p>D\u00e9couvrez ici <a href=\"http:\/\/dufeemains.be\/?post_type=tribe_events\"><strong>l&#8217;agenda<\/strong><\/a> des activit\u00e9s Du F\u00e9e mains.  <\/p>\n\n\n\n<p>L&#8217;organisation de ces \u00e9v\u00e9nements d\u00e9pend \u00e9videmment de l&#8217;autorisation du Gouvernement face au COVID-19 et mesures de confinement\/d\u00e9confinement.<\/p>\n\n\n\n<p><\/p>\n","protected":false},"excerpt":{"rendered":"<p>D\u00e9couvrez ici l&#8217;agenda des activit\u00e9s Du F\u00e9e mains. L&#8217;organisation de ces \u00e9v\u00e9nements d\u00e9pend \u00e9videmment de l&#8217;autorisation du Gouvernement face au COVID-19 et mesures de confinement\/d\u00e9confinement.<\/p>\n","protected":false},"author":1,"featured_media":0,"parent":0,"menu_order":0,"comment_status":"closed","ping_status":"closed","template":"","meta":[],"_links":{"self":[{"href":"https:\/\/dufeemains.be\/index.php?rest_route=\/wp\/v2\/pages\/159"}],"collection":[{"href":"https:\/\/dufeemains.be\/index.php?rest_route=\/wp\/v2\/pages"}],"about":[{"href":"https:\/\/dufeemains.be\/index.php?rest_route=\/wp\/v2\/types\/page"}],"author":[{"embeddable":true,"href":"https:\/\/dufeemains.be\/index.php?rest_route=\/wp\/v2\/users\/1"}],"replies":[{"embeddable":true,"href":"https:\/\/dufeemains.be\/index.php?rest_route=%2Fwp%2Fv2%2Fcomments&post=159"}],"version-history":[{"count":5,"href":"https:\/\/dufeemains.be\/index.php?rest_route=\/wp\/v2\/pages\/159\/revisions"}],"predecessor-version":[{"id":1042,"href":"https:\/\/dufeemains.be\/index.php?rest_route=\/wp\/v2\/pages\/159\/revisions\/1042"}],"wp:attachment":[{"href":"https:\/\/dufeemains.be\/index.php?rest_route=%2Fwp%2Fv2%2Fmedia&parent=159"}],"curies":[{"name":"wp","href":"https:\/\/api.w.org\/{rel}","templated":true}]}}