{"id":155,"date":"2020-02-09T21:29:24","date_gmt":"2020-02-09T20:29:24","guid":{"rendered":"http:\/\/dufeemains.be\/?page_id=155"},"modified":"2020-04-13T13:16:02","modified_gmt":"2020-04-13T11:16:02","slug":"en-construction-6","status":"publish","type":"page","link":"https:\/\/dufeemains.be\/?page_id=155","title":{"rendered":"En construction (6)"},"content":{"rendered":"\n<p style=\"color:#d12e55\" class=\"has-text-color\">Bient\u00f4t, vous trouverez ici tous les produits Du F\u00e9e mains, que vous pourrez commander en ligne.  Le temps de quelques photos, et de la cr\u00e9ation de la boutique.<\/p>\n\n\n\n<p>Vu la fragilit\u00e9 des produits, aucun envoi possible par la poste.  A venir chercher \u00e0 mon domicile sur rendez-vous (un appel t\u00e9l\u00e9phonique pour fixer l&#8217;heure suffit)<\/p>\n\n\n\n<p>Retrouvez \u00e9galement mes produits chez <strong><a href=\"http:\/\/dufeemains.be\/?page_id=180\">mes partenaires<\/a><\/strong>.<\/p>\n","protected":false},"excerpt":{"rendered":"<p>Bient\u00f4t, vous trouverez ici tous les produits Du F\u00e9e mains, que vous pourrez commander en ligne. Le temps de quelques photos, et de la cr\u00e9ation de la boutique. Vu la &hellip; <\/p>\n<p class=\"link-more\"><a href=\"https:\/\/dufeemains.be\/?page_id=155\" class=\"more-link\">Continue reading<span class=\"screen-reader-text\"> &#8220;En construction (6)&#8221;<\/span><\/a><\/p>\n","protected":false},"author":1,"featured_media":0,"parent":0,"menu_order":0,"comment_status":"closed","ping_status":"closed","template":"","meta":[],"_links":{"self":[{"href":"https:\/\/dufeemains.be\/index.php?rest_route=\/wp\/v2\/pages\/155"}],"collection":[{"href":"https:\/\/dufeemains.be\/index.php?rest_route=\/wp\/v2\/pages"}],"about":[{"href":"https:\/\/dufeemains.be\/index.php?rest_route=\/wp\/v2\/types\/page"}],"author":[{"embeddable":true,"href":"https:\/\/dufeemains.be\/index.php?rest_route=\/wp\/v2\/users\/1"}],"replies":[{"embeddable":true,"href":"https:\/\/dufeemains.be\/index.php?rest_route=%2Fwp%2Fv2%2Fcomments&post=155"}],"version-history":[{"count":3,"href":"https:\/\/dufeemains.be\/index.php?rest_route=\/wp\/v2\/pages\/155\/revisions"}],"predecessor-version":[{"id":1041,"href":"https:\/\/dufeemains.be\/index.php?rest_route=\/wp\/v2\/pages\/155\/revisions\/1041"}],"wp:attachment":[{"href":"https:\/\/dufeemains.be\/index.php?rest_route=%2Fwp%2Fv2%2Fmedia&parent=155"}],"curies":[{"name":"wp","href":"https:\/\/api.w.org\/{rel}","templated":true}]}}