{"id":153,"date":"2020-02-09T21:29:11","date_gmt":"2020-02-09T20:29:11","guid":{"rendered":"http:\/\/dufeemains.be\/?page_id=153"},"modified":"2020-05-26T18:33:58","modified_gmt":"2020-05-26T16:33:58","slug":"en-construction-5","status":"publish","type":"page","link":"https:\/\/dufeemains.be\/?page_id=153","title":{"rendered":"Beau par la cr\u00e9ation &#8211; Les ateliers cr\u00e9atifs&#8230;"},"content":{"rendered":"\n<p>Je devais avoir 5 ans lorsque j&#8217;ai enfonc\u00e9 mon premier clou dans la cave de mon grand-p\u00e8re et ainsi concevoir ma premi\u00e8re cr\u00e9ation : une petite croix en bois.  Depuis, l&#8217;envie de cr\u00e9er de mes mains ne m&#8217;a plus jamais quitt\u00e9e.<\/p>\n\n\n\n<p>Ado, j&#8217;ai commenc\u00e9 \u00e0 me former et suivre des cours d&#8217;artisanat pour m&#8217;initier \u00e0 plusieurs techniques.   <\/p>\n\n\n\n<p>Au d\u00e9part pour mes amis et ma famille, j&#8217;ai cr\u00e9\u00e9 des cartes de v\u0153ux, cartes et cadeaux d&#8217;anniversaire &#8220;maison&#8221;.   Je suis devenue marraine et ai r\u00e9alis\u00e9 les souvenirs de bapt\u00eame de mes filleuls.  Par la suite, je me suis amus\u00e9e \u00e0 essayer et j&#8217;ai appris, par essais et erreurs et au fil de l&#8217;exp\u00e9rience pour pr\u00e9senter des cr\u00e9ations de qualit\u00e9. <\/p>\n\n\n\n<p>Au cours de ce parcours cr\u00e9atif, j&#8217;ai appris deux choses essentielles : la patience et la passion ! Sans passion, les cr\u00e9ations ont moins de couleurs.  Sans patience, les cr\u00e9ations sont moins abouties.  Comme le monde ne s&#8217;est pas cr\u00e9\u00e9 en un jour, une cr\u00e9ation Du F\u00e9e mains prend parfois du temps parce que je la souhaite unique et pr\u00e9cise.<\/p>\n\n\n\n<p class=\"has-text-color has-very-dark-gray-color\">Aujourd&#8217;hui, je cr\u00e9e encore&#8230;  et j&#8217;ai surtout envie de transmettre.  Alors, m&#8217;est venue l&#8217;id\u00e9e de  concevoir des<strong> <\/strong>ateliers cr\u00e9atifs, pour<strong><a href=\"http:\/\/dufeemains.be\/?page_id=189\"> enfants<\/a><\/strong> et pour <strong><a href=\"http:\/\/dufeemains.be\/?page_id=190\">adultes<\/a><\/strong>.  Dans la joie de venir (r)\u00e9veiller l&#8217;artiste qui dort en vous !<\/p>\n\n\n\n<p>Quelques-unes de mes cr\u00e9ations&#8230;<\/p>\n\n\n\n<p><\/p>\n\n\n\n<figure class=\"wp-block-gallery columns-3 is-cropped\"><ul class=\"blocks-gallery-grid\"><li class=\"blocks-gallery-item\"><figure><img loading=\"lazy\" width=\"450\" height=\"600\" src=\"http:\/\/dufeemains.be\/wp-content\/uploads\/2020\/04\/oursmemo-1.jpg\" alt=\"\" data-id=\"1060\" data-link=\"http:\/\/dufeemains.be\/?attachment_id=1060\" class=\"wp-image-1060\" srcset=\"https:\/\/dufeemains.be\/wp-content\/uploads\/2020\/04\/oursmemo-1.jpg 450w, https:\/\/dufeemains.be\/wp-content\/uploads\/2020\/04\/oursmemo-1-225x300.jpg 225w, https:\/\/dufeemains.be\/wp-content\/uploads\/2020\/04\/oursmemo-1-350x467.jpg 350w\" sizes=\"(max-width: 450px) 100vw, 450px\" \/><\/figure><\/li><li class=\"blocks-gallery-item\"><figure><img loading=\"lazy\" width=\"600\" height=\"450\" src=\"http:\/\/dufeemains.be\/wp-content\/uploads\/2020\/04\/doudou_d_anais-1.jpg\" alt=\"\" data-id=\"1059\" data-link=\"http:\/\/dufeemains.be\/?attachment_id=1059\" class=\"wp-image-1059\" srcset=\"https:\/\/dufeemains.be\/wp-content\/uploads\/2020\/04\/doudou_d_anais-1.jpg 600w, https:\/\/dufeemains.be\/wp-content\/uploads\/2020\/04\/doudou_d_anais-1-300x225.jpg 300w, https:\/\/dufeemains.be\/wp-content\/uploads\/2020\/04\/doudou_d_anais-1-350x263.jpg 350w\" sizes=\"(max-width: 600px) 100vw, 600px\" \/><\/figure><\/li><li class=\"blocks-gallery-item\"><figure><img loading=\"lazy\" width=\"1024\" height=\"768\" src=\"http:\/\/dufeemains.be\/wp-content\/uploads\/2020\/04\/coffre-colin-2-1024x768.jpg\" alt=\"\" data-id=\"1062\" data-link=\"http:\/\/dufeemains.be\/?attachment_id=1062\" class=\"wp-image-1062\" srcset=\"https:\/\/dufeemains.be\/wp-content\/uploads\/2020\/04\/coffre-colin-2-1024x768.jpg 1024w, https:\/\/dufeemains.be\/wp-content\/uploads\/2020\/04\/coffre-colin-2-300x225.jpg 300w, https:\/\/dufeemains.be\/wp-content\/uploads\/2020\/04\/coffre-colin-2-768x576.jpg 768w, https:\/\/dufeemains.be\/wp-content\/uploads\/2020\/04\/coffre-colin-2-1536x1152.jpg 1536w, https:\/\/dufeemains.be\/wp-content\/uploads\/2020\/04\/coffre-colin-2-350x263.jpg 350w, https:\/\/dufeemains.be\/wp-content\/uploads\/2020\/04\/coffre-colin-2.jpg 1600w\" sizes=\"(max-width: 767px) 89vw, (max-width: 1000px) 54vw, (max-width: 1071px) 543px, 580px\" \/><\/figure><\/li><li class=\"blocks-gallery-item\"><figure><img loading=\"lazy\" width=\"768\" height=\"1024\" src=\"http:\/\/dufeemains.be\/wp-content\/uploads\/2020\/04\/mosaique-ribou-7-768x1024.jpg\" alt=\"\" data-id=\"1063\" data-link=\"http:\/\/dufeemains.be\/?attachment_id=1063\" class=\"wp-image-1063\" srcset=\"https:\/\/dufeemains.be\/wp-content\/uploads\/2020\/04\/mosaique-ribou-7-768x1024.jpg 768w, https:\/\/dufeemains.be\/wp-content\/uploads\/2020\/04\/mosaique-ribou-7-225x300.jpg 225w, https:\/\/dufeemains.be\/wp-content\/uploads\/2020\/04\/mosaique-ribou-7-1152x1536.jpg 1152w, https:\/\/dufeemains.be\/wp-content\/uploads\/2020\/04\/mosaique-ribou-7-1536x2048.jpg 1536w, https:\/\/dufeemains.be\/wp-content\/uploads\/2020\/04\/mosaique-ribou-7-350x467.jpg 350w, https:\/\/dufeemains.be\/wp-content\/uploads\/2020\/04\/mosaique-ribou-7-scaled.jpg 1920w\" sizes=\"(max-width: 767px) 89vw, (max-width: 1000px) 54vw, (max-width: 1071px) 543px, 580px\" \/><\/figure><\/li><li class=\"blocks-gallery-item\"><figure><img loading=\"lazy\" width=\"768\" height=\"1024\" src=\"http:\/\/dufeemains.be\/wp-content\/uploads\/2020\/04\/cailloux-site-768x1024.jpg\" alt=\"\" data-id=\"1069\" data-full-url=\"http:\/\/dufeemains.be\/wp-content\/uploads\/2020\/04\/cailloux-site-scaled.jpg\" data-link=\"http:\/\/dufeemains.be\/?attachment_id=1069\" class=\"wp-image-1069\" srcset=\"https:\/\/dufeemains.be\/wp-content\/uploads\/2020\/04\/cailloux-site-768x1024.jpg 768w, https:\/\/dufeemains.be\/wp-content\/uploads\/2020\/04\/cailloux-site-225x300.jpg 225w, https:\/\/dufeemains.be\/wp-content\/uploads\/2020\/04\/cailloux-site-1152x1536.jpg 1152w, https:\/\/dufeemains.be\/wp-content\/uploads\/2020\/04\/cailloux-site-1536x2048.jpg 1536w, https:\/\/dufeemains.be\/wp-content\/uploads\/2020\/04\/cailloux-site-350x467.jpg 350w, https:\/\/dufeemains.be\/wp-content\/uploads\/2020\/04\/cailloux-site-scaled.jpg 1920w\" sizes=\"(max-width: 767px) 89vw, (max-width: 1000px) 54vw, (max-width: 1071px) 543px, 580px\" \/><\/figure><\/li><li class=\"blocks-gallery-item\"><figure><img loading=\"lazy\" width=\"768\" height=\"1024\" src=\"http:\/\/dufeemains.be\/wp-content\/uploads\/2020\/04\/m\u00e9mo-photos-1-768x1024.jpg\" alt=\"\" data-id=\"1061\" data-link=\"http:\/\/dufeemains.be\/?attachment_id=1061\" class=\"wp-image-1061\" srcset=\"https:\/\/dufeemains.be\/wp-content\/uploads\/2020\/04\/m\u00e9mo-photos-1-768x1024.jpg 768w, https:\/\/dufeemains.be\/wp-content\/uploads\/2020\/04\/m\u00e9mo-photos-1-225x300.jpg 225w, https:\/\/dufeemains.be\/wp-content\/uploads\/2020\/04\/m\u00e9mo-photos-1-1152x1536.jpg 1152w, https:\/\/dufeemains.be\/wp-content\/uploads\/2020\/04\/m\u00e9mo-photos-1-1536x2048.jpg 1536w, https:\/\/dufeemains.be\/wp-content\/uploads\/2020\/04\/m\u00e9mo-photos-1-350x467.jpg 350w, https:\/\/dufeemains.be\/wp-content\/uploads\/2020\/04\/m\u00e9mo-photos-1-scaled.jpg 1920w\" sizes=\"(max-width: 767px) 89vw, (max-width: 1000px) 54vw, (max-width: 1071px) 543px, 580px\" \/><\/figure><\/li><li class=\"blocks-gallery-item\"><figure><img loading=\"lazy\" width=\"960\" height=\"720\" src=\"http:\/\/dufeemains.be\/wp-content\/uploads\/2020\/04\/cr\u00e9ation-val1-1.jpg\" alt=\"\" data-id=\"1064\" data-link=\"http:\/\/dufeemains.be\/?attachment_id=1064\" class=\"wp-image-1064\" srcset=\"https:\/\/dufeemains.be\/wp-content\/uploads\/2020\/04\/cr\u00e9ation-val1-1.jpg 960w, https:\/\/dufeemains.be\/wp-content\/uploads\/2020\/04\/cr\u00e9ation-val1-1-300x225.jpg 300w, https:\/\/dufeemains.be\/wp-content\/uploads\/2020\/04\/cr\u00e9ation-val1-1-768x576.jpg 768w, https:\/\/dufeemains.be\/wp-content\/uploads\/2020\/04\/cr\u00e9ation-val1-1-350x263.jpg 350w\" sizes=\"(max-width: 767px) 89vw, (max-width: 1000px) 54vw, (max-width: 1071px) 543px, 580px\" \/><\/figure><\/li><li class=\"blocks-gallery-item\"><figure><img loading=\"lazy\" width=\"768\" height=\"1024\" src=\"http:\/\/dufeemains.be\/wp-content\/uploads\/2020\/04\/plan\u00e8te-hall-2-1-768x1024.jpg\" alt=\"\" data-id=\"1065\" data-link=\"http:\/\/dufeemains.be\/?attachment_id=1065\" class=\"wp-image-1065\" srcset=\"https:\/\/dufeemains.be\/wp-content\/uploads\/2020\/04\/plan\u00e8te-hall-2-1-768x1024.jpg 768w, https:\/\/dufeemains.be\/wp-content\/uploads\/2020\/04\/plan\u00e8te-hall-2-1-225x300.jpg 225w, https:\/\/dufeemains.be\/wp-content\/uploads\/2020\/04\/plan\u00e8te-hall-2-1-1152x1536.jpg 1152w, https:\/\/dufeemains.be\/wp-content\/uploads\/2020\/04\/plan\u00e8te-hall-2-1-1536x2048.jpg 1536w, https:\/\/dufeemains.be\/wp-content\/uploads\/2020\/04\/plan\u00e8te-hall-2-1-350x467.jpg 350w, https:\/\/dufeemains.be\/wp-content\/uploads\/2020\/04\/plan\u00e8te-hall-2-1-scaled.jpg 1920w\" sizes=\"(max-width: 767px) 89vw, (max-width: 1000px) 54vw, (max-width: 1071px) 543px, 580px\" \/><\/figure><\/li><li class=\"blocks-gallery-item\"><figure><img loading=\"lazy\" width=\"768\" height=\"1024\" src=\"http:\/\/dufeemains.be\/wp-content\/uploads\/2020\/04\/yin-yang-catherine-2-2-768x1024.jpg\" alt=\"\" data-id=\"1066\" data-link=\"http:\/\/dufeemains.be\/?attachment_id=1066\" class=\"wp-image-1066\" srcset=\"https:\/\/dufeemains.be\/wp-content\/uploads\/2020\/04\/yin-yang-catherine-2-2-768x1024.jpg 768w, https:\/\/dufeemains.be\/wp-content\/uploads\/2020\/04\/yin-yang-catherine-2-2-225x300.jpg 225w, https:\/\/dufeemains.be\/wp-content\/uploads\/2020\/04\/yin-yang-catherine-2-2-1152x1536.jpg 1152w, https:\/\/dufeemains.be\/wp-content\/uploads\/2020\/04\/yin-yang-catherine-2-2-1536x2048.jpg 1536w, https:\/\/dufeemains.be\/wp-content\/uploads\/2020\/04\/yin-yang-catherine-2-2-350x467.jpg 350w, https:\/\/dufeemains.be\/wp-content\/uploads\/2020\/04\/yin-yang-catherine-2-2-scaled.jpg 1920w\" sizes=\"(max-width: 767px) 89vw, (max-width: 1000px) 54vw, (max-width: 1071px) 543px, 580px\" \/><\/figure><\/li><li class=\"blocks-gallery-item\"><figure><img loading=\"lazy\" width=\"768\" height=\"1024\" src=\"http:\/\/dufeemains.be\/wp-content\/uploads\/2020\/04\/yin-yang-salva-1-768x1024.jpg\" alt=\"\" data-id=\"1067\" data-link=\"http:\/\/dufeemains.be\/?attachment_id=1067\" class=\"wp-image-1067\" srcset=\"https:\/\/dufeemains.be\/wp-content\/uploads\/2020\/04\/yin-yang-salva-1-768x1024.jpg 768w, https:\/\/dufeemains.be\/wp-content\/uploads\/2020\/04\/yin-yang-salva-1-225x300.jpg 225w, https:\/\/dufeemains.be\/wp-content\/uploads\/2020\/04\/yin-yang-salva-1-1152x1536.jpg 1152w, https:\/\/dufeemains.be\/wp-content\/uploads\/2020\/04\/yin-yang-salva-1-1536x2048.jpg 1536w, https:\/\/dufeemains.be\/wp-content\/uploads\/2020\/04\/yin-yang-salva-1-350x467.jpg 350w, https:\/\/dufeemains.be\/wp-content\/uploads\/2020\/04\/yin-yang-salva-1-scaled.jpg 1920w\" sizes=\"(max-width: 767px) 89vw, (max-width: 1000px) 54vw, (max-width: 1071px) 543px, 580px\" \/><\/figure><\/li><li class=\"blocks-gallery-item\"><figure><img loading=\"lazy\" width=\"1024\" height=\"768\" src=\"http:\/\/dufeemains.be\/wp-content\/uploads\/2020\/04\/toile-2-site-1024x768.jpg\" alt=\"\" data-id=\"1070\" data-full-url=\"http:\/\/dufeemains.be\/wp-content\/uploads\/2020\/04\/toile-2-site-scaled.jpg\" data-link=\"http:\/\/dufeemains.be\/?attachment_id=1070\" class=\"wp-image-1070\" srcset=\"https:\/\/dufeemains.be\/wp-content\/uploads\/2020\/04\/toile-2-site-1024x768.jpg 1024w, https:\/\/dufeemains.be\/wp-content\/uploads\/2020\/04\/toile-2-site-300x225.jpg 300w, https:\/\/dufeemains.be\/wp-content\/uploads\/2020\/04\/toile-2-site-768x576.jpg 768w, https:\/\/dufeemains.be\/wp-content\/uploads\/2020\/04\/toile-2-site-1536x1152.jpg 1536w, https:\/\/dufeemains.be\/wp-content\/uploads\/2020\/04\/toile-2-site-2048x1536.jpg 2048w, https:\/\/dufeemains.be\/wp-content\/uploads\/2020\/04\/toile-2-site-350x263.jpg 350w\" sizes=\"(max-width: 767px) 89vw, (max-width: 1000px) 54vw, (max-width: 1071px) 543px, 580px\" \/><\/figure><\/li><li class=\"blocks-gallery-item\"><figure><img loading=\"lazy\" width=\"352\" height=\"480\" src=\"http:\/\/dufeemains.be\/wp-content\/uploads\/2020\/04\/toile-site.jpg\" alt=\"\" data-id=\"1071\" data-full-url=\"http:\/\/dufeemains.be\/wp-content\/uploads\/2020\/04\/toile-site.jpg\" data-link=\"http:\/\/dufeemains.be\/?attachment_id=1071\" class=\"wp-image-1071\" srcset=\"https:\/\/dufeemains.be\/wp-content\/uploads\/2020\/04\/toile-site.jpg 352w, https:\/\/dufeemains.be\/wp-content\/uploads\/2020\/04\/toile-site-220x300.jpg 220w, https:\/\/dufeemains.be\/wp-content\/uploads\/2020\/04\/toile-site-350x477.jpg 350w\" sizes=\"(max-width: 352px) 100vw, 352px\" \/><\/figure><\/li><\/ul><\/figure>\n\n\n\n<p> <\/p>\n","protected":false},"excerpt":{"rendered":"<p>Je devais avoir 5 ans lorsque j&#8217;ai enfonc\u00e9 mon premier clou dans la cave de mon grand-p\u00e8re et ainsi concevoir ma premi\u00e8re cr\u00e9ation : une petite croix en bois. Depuis, &hellip; <\/p>\n<p class=\"link-more\"><a href=\"https:\/\/dufeemains.be\/?page_id=153\" class=\"more-link\">Continue reading<span class=\"screen-reader-text\"> &#8220;Beau par la cr\u00e9ation &#8211; Les ateliers cr\u00e9atifs&#8230;&#8221;<\/span><\/a><\/p>\n","protected":false},"author":1,"featured_media":0,"parent":0,"menu_order":0,"comment_status":"closed","ping_status":"closed","template":"","meta":[],"_links":{"self":[{"href":"https:\/\/dufeemains.be\/index.php?rest_route=\/wp\/v2\/pages\/153"}],"collection":[{"href":"https:\/\/dufeemains.be\/index.php?rest_route=\/wp\/v2\/pages"}],"about":[{"href":"https:\/\/dufeemains.be\/index.php?rest_route=\/wp\/v2\/types\/page"}],"author":[{"embeddable":true,"href":"https:\/\/dufeemains.be\/index.php?rest_route=\/wp\/v2\/users\/1"}],"replies":[{"embeddable":true,"href":"https:\/\/dufeemains.be\/index.php?rest_route=%2Fwp%2Fv2%2Fcomments&post=153"}],"version-history":[{"count":10,"href":"https:\/\/dufeemains.be\/index.php?rest_route=\/wp\/v2\/pages\/153\/revisions"}],"predecessor-version":[{"id":1147,"href":"https:\/\/dufeemains.be\/index.php?rest_route=\/wp\/v2\/pages\/153\/revisions\/1147"}],"wp:attachment":[{"href":"https:\/\/dufeemains.be\/index.php?rest_route=%2Fwp%2Fv2%2Fmedia&parent=153"}],"curies":[{"name":"wp","href":"https:\/\/api.w.org\/{rel}","templated":true}]}}