{"id":149,"date":"2020-02-09T21:28:32","date_gmt":"2020-02-09T20:28:32","guid":{"rendered":"http:\/\/dufeemains.be\/?page_id=149"},"modified":"2020-05-26T18:23:09","modified_gmt":"2020-05-26T16:23:09","slug":"en-construction-3","status":"publish","type":"page","link":"https:\/\/dufeemains.be\/?page_id=149","title":{"rendered":"Le bon par le go\u00fbt et les saveurs &#8211; Les produits de bouche"},"content":{"rendered":"\n<p>Si les confitures sont le produit culinaire num\u00e9ro un de Du F\u00e9e mains, l&#8217;envie de titiller les casseroles pour cr\u00e9er d&#8217;autres produits gourmands est rapidement arriv\u00e9e.  <\/p>\n\n\n\n<p>Mes grands parents \u00e9taient des personnes importantes pour moi.  Pour leur rendre hommage, je leur ai cr\u00e9\u00e9 un produit. Pour mon grand p\u00e8re qui aimait tant le chocolat, j&#8217;ai cr\u00e9\u00e9 <a href=\"http:\/\/dufeemains.be\/?page_id=193\"><strong>une p\u00e2te \u00e0 tartiner<\/strong><\/a> au bon beurre de ferme, avec du chocolat 58% pour la puissance du go\u00fbt.  Une p\u00e2te \u00e0 tartiner aux noisettes est en cours de cr\u00e9ation.    En m\u00e9moire de ma grand-m\u00e8re, j&#8217;ai cr\u00e9\u00e9 la confiture Frambolise.  <\/p>\n\n\n\n<p> Pour elle qui m&#8217;a transmis le plaisir de cuisiner des choses simples, je continue \u00e0 cuisiner et p\u00e2tisser&#8230;  Quel plaisir que de cr\u00e9er de mes mains <a href=\"http:\/\/dufeemains.be\/?page_id=193\"><strong>des biscuits<\/strong><\/a> au beurre agr\u00e9ment\u00e9s au fil des envies de zestes d&#8217;agrumes, caf\u00e9, amandes, coco ou d&#8217;autres ingr\u00e9dients secrets.  Pour les anniversaires, je r\u00e9alise aussi certains g\u00e2teaux.<\/p>\n\n\n\n<figure class=\"wp-block-gallery columns-3 is-cropped\"><ul class=\"blocks-gallery-grid\"><li class=\"blocks-gallery-item\"><figure><img loading=\"lazy\" width=\"450\" height=\"600\" src=\"http:\/\/dufeemains.be\/wp-content\/uploads\/2020\/02\/choco.jpg\" alt=\"\" data-id=\"387\" data-full-url=\"http:\/\/dufeemains.be\/wp-content\/uploads\/2020\/02\/choco.jpg\" data-link=\"http:\/\/dufeemains.be\/?attachment_id=387\" class=\"wp-image-387\" srcset=\"https:\/\/dufeemains.be\/wp-content\/uploads\/2020\/02\/choco.jpg 450w, https:\/\/dufeemains.be\/wp-content\/uploads\/2020\/02\/choco-350x467.jpg 350w, https:\/\/dufeemains.be\/wp-content\/uploads\/2020\/02\/choco-225x300.jpg 225w\" sizes=\"(max-width: 450px) 100vw, 450px\" \/><figcaption class=\"blocks-gallery-item__caption\">Le choco artisanal<\/figcaption><\/figure><\/li><li class=\"blocks-gallery-item\"><figure><img loading=\"lazy\" width=\"450\" height=\"600\" src=\"http:\/\/dufeemains.be\/wp-content\/uploads\/2020\/02\/biscuits-arcenciel.jpg\" alt=\"\" data-id=\"385\" data-full-url=\"http:\/\/dufeemains.be\/wp-content\/uploads\/2020\/02\/biscuits-arcenciel.jpg\" data-link=\"http:\/\/dufeemains.be\/?attachment_id=385\" class=\"wp-image-385\" srcset=\"https:\/\/dufeemains.be\/wp-content\/uploads\/2020\/02\/biscuits-arcenciel.jpg 450w, https:\/\/dufeemains.be\/wp-content\/uploads\/2020\/02\/biscuits-arcenciel-350x467.jpg 350w, https:\/\/dufeemains.be\/wp-content\/uploads\/2020\/02\/biscuits-arcenciel-225x300.jpg 225w\" sizes=\"(max-width: 450px) 100vw, 450px\" \/><figcaption class=\"blocks-gallery-item__caption\">Biscuits arc-en-ciel<\/figcaption><\/figure><\/li><li class=\"blocks-gallery-item\"><figure><img loading=\"lazy\" width=\"600\" height=\"450\" src=\"http:\/\/dufeemains.be\/wp-content\/uploads\/2020\/02\/biscuits-ok.jpg\" alt=\"\" data-id=\"386\" data-full-url=\"http:\/\/dufeemains.be\/wp-content\/uploads\/2020\/02\/biscuits-ok.jpg\" data-link=\"http:\/\/dufeemains.be\/?attachment_id=386\" class=\"wp-image-386\" srcset=\"https:\/\/dufeemains.be\/wp-content\/uploads\/2020\/02\/biscuits-ok.jpg 600w, https:\/\/dufeemains.be\/wp-content\/uploads\/2020\/02\/biscuits-ok-350x263.jpg 350w, https:\/\/dufeemains.be\/wp-content\/uploads\/2020\/02\/biscuits-ok-300x225.jpg 300w\" sizes=\"(max-width: 600px) 100vw, 600px\" \/><figcaption class=\"blocks-gallery-item__caption\">Biscuits au beurre<\/figcaption><\/figure><\/li><li class=\"blocks-gallery-item\"><figure><img loading=\"lazy\" width=\"600\" height=\"337\" src=\"http:\/\/dufeemains.be\/wp-content\/uploads\/2020\/02\/gateau-S.jpg\" alt=\"\" data-id=\"388\" data-full-url=\"http:\/\/dufeemains.be\/wp-content\/uploads\/2020\/02\/gateau-S.jpg\" data-link=\"http:\/\/dufeemains.be\/?attachment_id=388\" class=\"wp-image-388\" srcset=\"https:\/\/dufeemains.be\/wp-content\/uploads\/2020\/02\/gateau-S.jpg 600w, https:\/\/dufeemains.be\/wp-content\/uploads\/2020\/02\/gateau-S-350x197.jpg 350w, https:\/\/dufeemains.be\/wp-content\/uploads\/2020\/02\/gateau-S-300x169.jpg 300w\" sizes=\"(max-width: 600px) 100vw, 600px\" \/><figcaption class=\"blocks-gallery-item__caption\">G\u00e2teau d&#8217;anniversaire<\/figcaption><\/figure><\/li><\/ul><\/figure>\n\n\n\n<div class=\"wp-block-media-text alignwide\"><figure class=\"wp-block-media-text__media\"><img loading=\"lazy\" width=\"600\" height=\"450\" src=\"http:\/\/dufeemains.be\/wp-content\/uploads\/2020\/02\/panier-gourmand.jpg\" alt=\"\" class=\"wp-image-389\" srcset=\"https:\/\/dufeemains.be\/wp-content\/uploads\/2020\/02\/panier-gourmand.jpg 600w, https:\/\/dufeemains.be\/wp-content\/uploads\/2020\/02\/panier-gourmand-350x263.jpg 350w, https:\/\/dufeemains.be\/wp-content\/uploads\/2020\/02\/panier-gourmand-300x225.jpg 300w\" sizes=\"(max-width: 600px) 100vw, 600px\" \/><\/figure><div class=\"wp-block-media-text__content\">\n<p style=\"font-size:14px\"> Par la suite, j&#8217;ai voulu cr\u00e9er <a href=\"http:\/\/dufeemains.be\/?page_id=395\"><strong>des paniers gourmands<\/strong><\/a> qui pouvaient \u00e0 la fois proposer des produits sucr\u00e9s mais aussi du sal\u00e9&#8230;  <a href=\"http:\/\/dufeemains.be\/?page_id=191\"><strong>Huiles et vinaigres,<\/strong><\/a> <a href=\"http:\/\/dufeemains.be\/?page_id=193\"><strong>confits d&#8217;oignons<\/strong><\/a>  y ont donc trouv\u00e9 leur place. <\/p>\n<\/div><\/div>\n\n\n\n<p> Enfin, pour la joie d&#8217;un bon verre partag\u00e9, j&#8217;ai cr\u00e9\u00e9 <a href=\"http:\/\/dufeemains.be\/?page_id=192\"><strong>mes liqueurs<\/strong>,<\/a> d&#8217;ici et d&#8217;ailleurs, par mac\u00e9ration de fruits et pour certaines z\u00e9ro d\u00e9chet : les noyaux d&#8217;abricots&#8230;  <\/p>\n\n\n\n<figure class=\"wp-block-gallery aligncenter columns-1 is-cropped\"><ul class=\"blocks-gallery-grid\"><li class=\"blocks-gallery-item\"><figure><img loading=\"lazy\" width=\"600\" height=\"399\" src=\"http:\/\/dufeemains.be\/wp-content\/uploads\/2020\/02\/alcool-2.jpg\" alt=\"\" data-id=\"391\" data-full-url=\"http:\/\/dufeemains.be\/wp-content\/uploads\/2020\/02\/alcool-2.jpg\" data-link=\"http:\/\/dufeemains.be\/?attachment_id=391\" class=\"wp-image-391\" srcset=\"https:\/\/dufeemains.be\/wp-content\/uploads\/2020\/02\/alcool-2.jpg 600w, https:\/\/dufeemains.be\/wp-content\/uploads\/2020\/02\/alcool-2-350x233.jpg 350w, https:\/\/dufeemains.be\/wp-content\/uploads\/2020\/02\/alcool-2-300x200.jpg 300w\" sizes=\"(max-width: 600px) 100vw, 600px\" \/><figcaption class=\"blocks-gallery-item__caption\"><br><\/figcaption><\/figure><\/li><\/ul><\/figure>\n\n\n\n<p class=\"has-small-font-size\">          <em>Photo J\u00e9r\u00e9mie Rindone, <\/em><a href=\"https:\/\/www.facebook.com\/photojeronimo\/\">Photo jeronimo<\/a> <\/p>\n\n\n\n<p><\/p>\n","protected":false},"excerpt":{"rendered":"<p>Si les confitures sont le produit culinaire num\u00e9ro un de Du F\u00e9e mains, l&#8217;envie de titiller les casseroles pour cr\u00e9er d&#8217;autres produits gourmands est rapidement arriv\u00e9e. Mes grands parents \u00e9taient &hellip; <\/p>\n<p class=\"link-more\"><a href=\"https:\/\/dufeemains.be\/?page_id=149\" class=\"more-link\">Continue reading<span class=\"screen-reader-text\"> &#8220;Le bon par le go\u00fbt et les saveurs &#8211; Les produits de bouche&#8221;<\/span><\/a><\/p>\n","protected":false},"author":1,"featured_media":0,"parent":0,"menu_order":0,"comment_status":"closed","ping_status":"closed","template":"","meta":[],"_links":{"self":[{"href":"https:\/\/dufeemains.be\/index.php?rest_route=\/wp\/v2\/pages\/149"}],"collection":[{"href":"https:\/\/dufeemains.be\/index.php?rest_route=\/wp\/v2\/pages"}],"about":[{"href":"https:\/\/dufeemains.be\/index.php?rest_route=\/wp\/v2\/types\/page"}],"author":[{"embeddable":true,"href":"https:\/\/dufeemains.be\/index.php?rest_route=\/wp\/v2\/users\/1"}],"replies":[{"embeddable":true,"href":"https:\/\/dufeemains.be\/index.php?rest_route=%2Fwp%2Fv2%2Fcomments&post=149"}],"version-history":[{"count":15,"href":"https:\/\/dufeemains.be\/index.php?rest_route=\/wp\/v2\/pages\/149\/revisions"}],"predecessor-version":[{"id":1137,"href":"https:\/\/dufeemains.be\/index.php?rest_route=\/wp\/v2\/pages\/149\/revisions\/1137"}],"wp:attachment":[{"href":"https:\/\/dufeemains.be\/index.php?rest_route=%2Fwp%2Fv2%2Fmedia&parent=149"}],"curies":[{"name":"wp","href":"https:\/\/api.w.org\/{rel}","templated":true}]}}