{"id":147,"date":"2020-02-09T21:28:15","date_gmt":"2020-02-09T20:28:15","guid":{"rendered":"http:\/\/dufeemains.be\/?page_id=147"},"modified":"2021-07-27T10:57:46","modified_gmt":"2021-07-27T08:57:46","slug":"en-construction-2","status":"publish","type":"page","link":"https:\/\/dufeemains.be\/?page_id=147","title":{"rendered":"Le bon par le go\u00fbt et les saveurs &#8211; Les d\u00e9jeuners gourmands&#8230;"},"content":{"rendered":"\n<p>Au travers des bocages du plateau de Herve, les produits de la r\u00e9gion s&#8217;agr\u00e9mentent, au fil des saisons, de saveurs d\u00e9licieuses et de go\u00fbts d&#8217;Antan.<\/p>\n\n\n\n<p>L&#8217;id\u00e9e est alors venue de rassembler ces produits du terroir et mes produits Du F\u00e9e mains autour d&#8217;une table et de proposer ainsi de d\u00e9licieux d\u00e9jeuners gourmands. Un dimanche par mois, autour d&#8217;une grande table pouvant accueillir jusqu&#8217;\u00e0 16 personnes, les fromages, le beurre, les pains, les charcuteries,&#8230; c\u00f4toyent mes confitures et autres d\u00e9lices gourmands.<\/p>\n\n\n\n<p>Aussi, de mois en mois, autour de mes confitures et <strong><a href=\"http:\/\/dufeemains.be\/?page_id=193\">p\u00e2te \u00e0 tartiner<\/a><\/strong> artisanales, je propose une p\u00e2tisserie maison et une sp\u00e9cialit\u00e9 aux l\u00e9gumes en fonction du th\u00e8me propos\u00e9.<\/p>\n\n\n\n<div class=\"wp-block-group\"><div class=\"wp-block-group__inner-container\">\n<figure class=\"wp-block-gallery columns-3 is-cropped\"><ul class=\"blocks-gallery-grid\"><li class=\"blocks-gallery-item\"><figure><img loading=\"lazy\" width=\"600\" height=\"450\" src=\"http:\/\/dufeemains.be\/wp-content\/uploads\/2020\/02\/pt-dej-11-1.jpg\" alt=\"\" data-id=\"336\" data-full-url=\"http:\/\/dufeemains.be\/wp-content\/uploads\/2020\/02\/pt-dej-11-1.jpg\" data-link=\"http:\/\/dufeemains.be\/?attachment_id=336\" class=\"wp-image-336\" srcset=\"https:\/\/dufeemains.be\/wp-content\/uploads\/2020\/02\/pt-dej-11-1.jpg 600w, https:\/\/dufeemains.be\/wp-content\/uploads\/2020\/02\/pt-dej-11-1-350x263.jpg 350w, https:\/\/dufeemains.be\/wp-content\/uploads\/2020\/02\/pt-dej-11-1-300x225.jpg 300w\" sizes=\"(max-width: 600px) 100vw, 600px\" \/><\/figure><\/li><li class=\"blocks-gallery-item\"><figure><img loading=\"lazy\" width=\"469\" height=\"520\" src=\"http:\/\/dufeemains.be\/wp-content\/uploads\/2020\/02\/pain-1.jpg\" alt=\"\" data-id=\"333\" data-full-url=\"http:\/\/dufeemains.be\/wp-content\/uploads\/2020\/02\/pain-1.jpg\" data-link=\"http:\/\/dufeemains.be\/?attachment_id=333\" class=\"wp-image-333\" srcset=\"https:\/\/dufeemains.be\/wp-content\/uploads\/2020\/02\/pain-1.jpg 469w, https:\/\/dufeemains.be\/wp-content\/uploads\/2020\/02\/pain-1-350x388.jpg 350w, https:\/\/dufeemains.be\/wp-content\/uploads\/2020\/02\/pain-1-271x300.jpg 271w\" sizes=\"(max-width: 469px) 100vw, 469px\" \/><figcaption class=\"blocks-gallery-item__caption\">Du bon pain levure ou levain<\/figcaption><\/figure><\/li><li class=\"blocks-gallery-item\"><figure><img loading=\"lazy\" width=\"626\" height=\"432\" src=\"http:\/\/dufeemains.be\/wp-content\/uploads\/2020\/02\/les-bonhommes-de-saint-nicolas.jpg\" alt=\"\" data-id=\"332\" data-full-url=\"http:\/\/dufeemains.be\/wp-content\/uploads\/2020\/02\/les-bonhommes-de-saint-nicolas.jpg\" data-link=\"http:\/\/dufeemains.be\/?attachment_id=332\" class=\"wp-image-332\" srcset=\"https:\/\/dufeemains.be\/wp-content\/uploads\/2020\/02\/les-bonhommes-de-saint-nicolas.jpg 626w, https:\/\/dufeemains.be\/wp-content\/uploads\/2020\/02\/les-bonhommes-de-saint-nicolas-350x242.jpg 350w, https:\/\/dufeemains.be\/wp-content\/uploads\/2020\/02\/les-bonhommes-de-saint-nicolas-300x207.jpg 300w\" sizes=\"(max-width: 626px) 100vw, 626px\" \/><figcaption class=\"blocks-gallery-item__caption\">P\u00e2tisserie maison<\/figcaption><\/figure><\/li><li class=\"blocks-gallery-item\"><figure><img loading=\"lazy\" width=\"445\" height=\"551\" src=\"http:\/\/dufeemains.be\/wp-content\/uploads\/2020\/02\/plateau-charcu-fromage.jpg\" alt=\"\" data-id=\"334\" data-full-url=\"http:\/\/dufeemains.be\/wp-content\/uploads\/2020\/02\/plateau-charcu-fromage.jpg\" data-link=\"http:\/\/dufeemains.be\/?attachment_id=334\" class=\"wp-image-334\" srcset=\"https:\/\/dufeemains.be\/wp-content\/uploads\/2020\/02\/plateau-charcu-fromage.jpg 445w, https:\/\/dufeemains.be\/wp-content\/uploads\/2020\/02\/plateau-charcu-fromage-350x433.jpg 350w, https:\/\/dufeemains.be\/wp-content\/uploads\/2020\/02\/plateau-charcu-fromage-242x300.jpg 242w\" sizes=\"(max-width: 445px) 100vw, 445px\" \/><figcaption class=\"blocks-gallery-item__caption\">Produits du terroir<\/figcaption><\/figure><\/li><li class=\"blocks-gallery-item\"><figure><img loading=\"lazy\" width=\"450\" height=\"600\" src=\"http:\/\/dufeemains.be\/wp-content\/uploads\/2020\/02\/pt-dej17.jpg\" alt=\"\" data-id=\"337\" data-full-url=\"http:\/\/dufeemains.be\/wp-content\/uploads\/2020\/02\/pt-dej17.jpg\" data-link=\"http:\/\/dufeemains.be\/?attachment_id=337\" class=\"wp-image-337\" srcset=\"https:\/\/dufeemains.be\/wp-content\/uploads\/2020\/02\/pt-dej17.jpg 450w, https:\/\/dufeemains.be\/wp-content\/uploads\/2020\/02\/pt-dej17-350x467.jpg 350w, https:\/\/dufeemains.be\/wp-content\/uploads\/2020\/02\/pt-dej17-225x300.jpg 225w\" sizes=\"(max-width: 450px) 100vw, 450px\" \/><figcaption class=\"blocks-gallery-item__caption\">Produits Du F\u00e9e mains<\/figcaption><\/figure><\/li><li class=\"blocks-gallery-item\"><figure><img loading=\"lazy\" width=\"473\" height=\"524\" src=\"http:\/\/dufeemains.be\/wp-content\/uploads\/2020\/02\/tarte-fenouil-tomates.jpg\" alt=\"\" data-id=\"338\" data-full-url=\"http:\/\/dufeemains.be\/wp-content\/uploads\/2020\/02\/tarte-fenouil-tomates.jpg\" data-link=\"http:\/\/dufeemains.be\/?attachment_id=338\" class=\"wp-image-338\" srcset=\"https:\/\/dufeemains.be\/wp-content\/uploads\/2020\/02\/tarte-fenouil-tomates.jpg 473w, https:\/\/dufeemains.be\/wp-content\/uploads\/2020\/02\/tarte-fenouil-tomates-350x388.jpg 350w, https:\/\/dufeemains.be\/wp-content\/uploads\/2020\/02\/tarte-fenouil-tomates-271x300.jpg 271w\" sizes=\"(max-width: 473px) 100vw, 473px\" \/><figcaption class=\"blocks-gallery-item__caption\">Tarte aux l\u00e9gumes<\/figcaption><\/figure><\/li><li class=\"blocks-gallery-item\"><figure><img loading=\"lazy\" width=\"450\" height=\"600\" src=\"http:\/\/dufeemains.be\/wp-content\/uploads\/2020\/02\/pt-dej-4-1.jpg\" alt=\"\" data-id=\"335\" data-full-url=\"http:\/\/dufeemains.be\/wp-content\/uploads\/2020\/02\/pt-dej-4-1.jpg\" data-link=\"http:\/\/dufeemains.be\/?attachment_id=335\" class=\"wp-image-335\" srcset=\"https:\/\/dufeemains.be\/wp-content\/uploads\/2020\/02\/pt-dej-4-1.jpg 450w, https:\/\/dufeemains.be\/wp-content\/uploads\/2020\/02\/pt-dej-4-1-350x467.jpg 350w, https:\/\/dufeemains.be\/wp-content\/uploads\/2020\/02\/pt-dej-4-1-225x300.jpg 225w\" sizes=\"(max-width: 450px) 100vw, 450px\" \/><\/figure><\/li><\/ul><figcaption class=\"blocks-gallery-caption\">Petit d\u00e9jeuner gourmand Du F\u00e9e mains.<\/figcaption><\/figure>\n<\/div><\/div>\n\n\n\n<p>Vous aurez ainsi les ingr\u00e9dients n\u00e9cessaires pour vivre <strong><a href=\"http:\/\/dufeemains.be\/?page_id=185\">un petit d\u00e9jeuner gourmand<\/a><\/strong>.  Vous \u00eates invit\u00e9s le temps du petit d\u00e9jeuner \u00e0 quitter vos \u00e9crans pour vous reconnecter \u00e0 l&#8217;instant d&#8217;une rencontre humaine et authentique autour de produits Du F\u00e9e mains et produits locaux.<\/p>\n\n\n\n<div class=\"wp-block-image\"><figure class=\"aligncenter size-large is-resized\"><img loading=\"lazy\" src=\"http:\/\/dufeemains.be\/wp-content\/uploads\/2020\/02\/image-citation-pt-dej-ok-1024x291.jpg\" alt=\"\" class=\"wp-image-574\" width=\"620\" height=\"175\" srcset=\"https:\/\/dufeemains.be\/wp-content\/uploads\/2020\/02\/image-citation-pt-dej-ok-1024x291.jpg 1024w, https:\/\/dufeemains.be\/wp-content\/uploads\/2020\/02\/image-citation-pt-dej-ok-350x100.jpg 350w, https:\/\/dufeemains.be\/wp-content\/uploads\/2020\/02\/image-citation-pt-dej-ok-300x85.jpg 300w, https:\/\/dufeemains.be\/wp-content\/uploads\/2020\/02\/image-citation-pt-dej-ok-768x218.jpg 768w, https:\/\/dufeemains.be\/wp-content\/uploads\/2020\/02\/image-citation-pt-dej-ok.jpg 1171w\" sizes=\"(max-width: 620px) 100vw, 620px\" \/><\/figure><\/div>\n","protected":false},"excerpt":{"rendered":"<p>Au travers des bocages du plateau de Herve, les produits de la r\u00e9gion s&#8217;agr\u00e9mentent, au fil des saisons, de saveurs d\u00e9licieuses et de go\u00fbts d&#8217;Antan. L&#8217;id\u00e9e est alors venue de &hellip; <\/p>\n<p class=\"link-more\"><a href=\"https:\/\/dufeemains.be\/?page_id=147\" class=\"more-link\">Continue reading<span class=\"screen-reader-text\"> &#8220;Le bon par le go\u00fbt et les saveurs &#8211; Les d\u00e9jeuners gourmands&#8230;&#8221;<\/span><\/a><\/p>\n","protected":false},"author":1,"featured_media":0,"parent":0,"menu_order":0,"comment_status":"closed","ping_status":"closed","template":"","meta":[],"_links":{"self":[{"href":"https:\/\/dufeemains.be\/index.php?rest_route=\/wp\/v2\/pages\/147"}],"collection":[{"href":"https:\/\/dufeemains.be\/index.php?rest_route=\/wp\/v2\/pages"}],"about":[{"href":"https:\/\/dufeemains.be\/index.php?rest_route=\/wp\/v2\/types\/page"}],"author":[{"embeddable":true,"href":"https:\/\/dufeemains.be\/index.php?rest_route=\/wp\/v2\/users\/1"}],"replies":[{"embeddable":true,"href":"https:\/\/dufeemains.be\/index.php?rest_route=%2Fwp%2Fv2%2Fcomments&post=147"}],"version-history":[{"count":18,"href":"https:\/\/dufeemains.be\/index.php?rest_route=\/wp\/v2\/pages\/147\/revisions"}],"predecessor-version":[{"id":1178,"href":"https:\/\/dufeemains.be\/index.php?rest_route=\/wp\/v2\/pages\/147\/revisions\/1178"}],"wp:attachment":[{"href":"https:\/\/dufeemains.be\/index.php?rest_route=%2Fwp%2Fv2%2Fmedia&parent=147"}],"curies":[{"name":"wp","href":"https:\/\/api.w.org\/{rel}","templated":true}]}}